{"id":9769,"date":"2022-11-14T11:10:58","date_gmt":"2022-11-14T10:10:58","guid":{"rendered":"https:\/\/www.logistic-industrial-build.be\/promouvoir-la-participation\/"},"modified":"2025-11-26T10:07:03","modified_gmt":"2025-11-26T09:07:03","slug":"promouvoir-la-participation","status":"publish","type":"page","link":"https:\/\/www.logistic-industrial-build.be\/fr\/promouvoir-la-participation\/","title":{"rendered":"promouvoir la participation"},"content":{"rendered":"\t\t<div data-elementor-type=\"wp-page\" data-elementor-id=\"9769\" class=\"elementor elementor-9769 elementor-115\" data-elementor-post-type=\"page\">\n\t\t\t\t\t\t<section class=\"elementor-section elementor-top-section elementor-element elementor-element-0c95c6e elementor-section-full_width elementor-section-height-default elementor-section-height-default\" data-id=\"0c95c6e\" data-element_type=\"section\">\n\t\t\t\t\t\t<div class=\"elementor-container elementor-column-gap-default\">\n\t\t\t\t\t<div class=\"elementor-column elementor-col-50 elementor-top-column elementor-element elementor-element-c1d885e\" data-id=\"c1d885e\" data-element_type=\"column\" data-settings=\"{&quot;background_background&quot;:&quot;classic&quot;}\">\n\t\t\t<div class=\"elementor-widget-wrap elementor-element-populated\">\n\t\t\t\t\t\t<div class=\"elementor-element elementor-element-8cbed28 elementor-widget elementor-widget-text-editor\" data-id=\"8cbed28\" data-element_type=\"widget\" data-widget_type=\"text-editor.default\">\n\t\t\t\t<div class=\"elementor-widget-container\">\n\t\t\t\t\t\t\t\t\t<h1><span style=\"color: #ffffff;\">Promouvoir votre participation<\/span><\/h1><br><span style=\"color: #ffffff;\">F\u00e9licitations pour votre participation en tant qu&rsquo;exposant \u00e0 Logistic &amp; Industrial Build.<\/span><br><br><span style=\"color: #ffffff;\">Commencez \u00e0 temps \u00e0 faire conna\u00eetre votre participation. Il s&rsquo;agit d&rsquo;attirer le plus grand nombre possible de contacts potentiels et de visiteurs de qualit\u00e9 sur votre stand. En tant qu&rsquo;organisateurs, nous mettons tout en \u0153uvre pour vous y aider. Voici quelques conseils !<\/span>\t\t\t\t\t\t\t\t<\/div>\n\t\t\t\t<\/div>\n\t\t\t\t\t<\/div>\n\t\t<\/div>\n\t\t\t\t<div class=\"elementor-column elementor-col-50 elementor-top-column elementor-element elementor-element-b124d5f\" data-id=\"b124d5f\" data-element_type=\"column\" data-settings=\"{&quot;background_background&quot;:&quot;classic&quot;}\">\n\t\t\t<div class=\"elementor-widget-wrap elementor-element-populated\">\n\t\t\t\t\t\t<div class=\"elementor-element elementor-element-3ea36a8 elementor-widget elementor-widget-text-editor\" data-id=\"3ea36a8\" data-element_type=\"widget\" data-widget_type=\"text-editor.default\">\n\t\t\t\t<div class=\"elementor-widget-container\">\n\t\t\t\t\t\t\t\t\t<p>Faites de votre participation \u00e0 un salon un succ\u00e8s !<\/p>\n\t\t\t\t\t\t\t\t<\/div>\n\t\t\t\t<\/div>\n\t\t\t\t\t<\/div>\n\t\t<\/div>\n\t\t\t\t\t<\/div>\n\t\t<\/section>\n\t\t\t\t<section class=\"elementor-section elementor-top-section elementor-element elementor-element-be84294 elementor-section-full_width elementor-hidden-desktop elementor-hidden-tablet elementor-hidden-mobile elementor-section-height-default elementor-section-height-default\" data-id=\"be84294\" data-element_type=\"section\">\n\t\t\t\t\t\t<div class=\"elementor-container elementor-column-gap-default\">\n\t\t\t\t\t<div class=\"elementor-column elementor-col-50 elementor-top-column elementor-element elementor-element-e43cc5a\" data-id=\"e43cc5a\" data-element_type=\"column\">\n\t\t\t<div class=\"elementor-widget-wrap elementor-element-populated\">\n\t\t\t\t\t\t<div class=\"elementor-element elementor-element-c488ed3 elementor-widget elementor-widget-text-editor\" data-id=\"c488ed3\" data-element_type=\"widget\" data-widget_type=\"text-editor.default\">\n\t\t\t\t<div class=\"elementor-widget-container\">\n\t\t\t\t\t\t\t\t\t<h2>GAGNEZ UN PACK VISIBILIT\u00c9 D&rsquo;UNE VALEUR DE 3.500 \u20ac<\/h2>\n<p><\/p>\n<div>\u00c0 l&rsquo;occasion de cette \u00e9dition anniversaire de Transport &amp; Logistics, nous mettons nos exposants \u00e0 l&rsquo;honneur avec un concours exclusif. Activez votre r\u00e9seau, invitez vos clients et partenaires, et soyez r\u00e9compens\u00e9 !<\/p>\n<p><b>Comment \u00e7a marche ?<\/b><\/p>\n<p>Chaque exposant re\u00e7oit un lien d&rsquo;inscription unique, disponible dans My Easyfairs. Les visiteurs qui s&rsquo;inscrivent via votre lien et qui sont effectivement pr\u00e9sents au salon sont associ\u00e9s \u00e0 votre stand. \u00c0 la fin du salon, l&rsquo;exposant qui aura attir\u00e9 le plus grand nombre de visiteurs sera r\u00e9compens\u00e9.<\/p>\n<p><b>Pourquoi participer ?<\/b><\/div>\n<p><\/p>\n<ul>\n<li>Une plus grande visibilit\u00e9 pendant et avant le salon.<\/li>\n<li>Une augmentation du nombre de visiteurs sur votre stand.<\/li>\n<\/ul>\n<p><\/p>\n<div><b>Important\u00a0<\/b>: seuls les visiteurs qui s&rsquo;inscrivent via votre lien et qui sont physiquement pr\u00e9sents sont pris en compte.<\/div>\n\t\t\t\t\t\t\t\t<\/div>\n\t\t\t\t<\/div>\n\t\t\t\t<div class=\"elementor-element elementor-element-6002347 elementor-widget elementor-widget-button\" data-id=\"6002347\" data-element_type=\"widget\" data-widget_type=\"button.default\">\n\t\t\t\t<div class=\"elementor-widget-container\">\n\t\t\t\t\t\t\t\t\t<div class=\"elementor-button-wrapper\">\n\t\t\t\t\t<a class=\"elementor-button elementor-button-link elementor-size-sm\" href=\"https:\/\/www.logistic-industrial-build.be\/wp-content\/uploads\/sites\/275\/2025\/08\/LIB25_Wedstrijdregelement-Exhibitor-Activation-ENG.pdf\">\n\t\t\t\t\t\t<span class=\"elementor-button-content-wrapper\">\n\t\t\t\t\t\t\t\t\t<span class=\"elementor-button-text\">Consultez le r\u00e8glement<\/span>\n\t\t\t\t\t<\/span>\n\t\t\t\t\t<\/a>\n\t\t\t\t<\/div>\n\t\t\t\t\t\t\t\t<\/div>\n\t\t\t\t<\/div>\n\t\t\t\t\t<\/div>\n\t\t<\/div>\n\t\t\t\t<div class=\"elementor-column elementor-col-50 elementor-top-column elementor-element elementor-element-740baea\" data-id=\"740baea\" data-element_type=\"column\" data-settings=\"{&quot;background_background&quot;:&quot;classic&quot;}\">\n\t\t\t<div class=\"elementor-widget-wrap\">\n\t\t\t\t\t\t\t<\/div>\n\t\t<\/div>\n\t\t\t\t\t<\/div>\n\t\t<\/section>\n\t\t\t\t<section class=\"elementor-section elementor-top-section elementor-element elementor-element-4b21e13 elementor-section-full_width elementor-section-height-default elementor-section-height-default\" data-id=\"4b21e13\" data-element_type=\"section\">\n\t\t\t\t\t\t<div class=\"elementor-container elementor-column-gap-default\">\n\t\t\t\t\t<div class=\"elementor-column elementor-col-50 elementor-top-column elementor-element elementor-element-9ad4fe2\" data-id=\"9ad4fe2\" data-element_type=\"column\">\n\t\t\t<div class=\"elementor-widget-wrap elementor-element-populated\">\n\t\t\t\t\t\t<div class=\"elementor-element elementor-element-53d1a90 elementor-widget elementor-widget-text-editor\" data-id=\"53d1a90\" data-element_type=\"widget\" data-widget_type=\"text-editor.default\">\n\t\t\t\t<div class=\"elementor-widget-container\">\n\t\t\t\t\t\t\t\t\t<h2 style=\"font-family: Montserrat, sans-serif;\">Pourquoi inviter vos clients ?<\/h2><br><ul>\r\n \t<li style=\"color: #1e1e37; font-size: 14px;\">Vous restez au premier plan dans votre communaut\u00e9.<\/li>\r\n \t<li style=\"color: #1e1e37; font-size: 14px;\">L&rsquo;occasion de pr\u00e9senter en d\u00e9tail de nouveaux produits, services ou innovations dans un environnement inspirant qui stimule vos relations.<\/li>\r\n \t<li style=\"color: #1e1e37; font-size: 14px;\">L&rsquo;occasion id\u00e9ale pour vos clients d&rsquo;acqu\u00e9rir du savoir-faire dans une atmosph\u00e8re d\u00e9tendue.<\/li>\r\n \t<li style=\"color: #1e1e37; font-size: 14px;\">Le cadre id\u00e9al pour que les relations obtiennent plus d&rsquo;informations et passent des commandes.<\/li>\r\n \t<li style=\"color: #1e1e37; font-size: 14px;\">Rencontre annuelle avec des clients que vous auriez autrement visit\u00e9s un par un, rencontrez-les ici !<\/li>\r\n<\/ul>\t\t\t\t\t\t\t\t<\/div>\n\t\t\t\t<\/div>\n\t\t\t\t\t<\/div>\n\t\t<\/div>\n\t\t\t\t<div class=\"elementor-column elementor-col-50 elementor-top-column elementor-element elementor-element-32fe5df\" data-id=\"32fe5df\" data-element_type=\"column\" data-settings=\"{&quot;background_background&quot;:&quot;classic&quot;}\">\n\t\t\t<div class=\"elementor-widget-wrap\">\n\t\t\t\t\t\t\t<\/div>\n\t\t<\/div>\n\t\t\t\t\t<\/div>\n\t\t<\/section>\n\t\t\t\t<section class=\"elementor-section elementor-top-section elementor-element elementor-element-6b899ea elementor-section-full_width elementor-section-height-default elementor-section-height-default\" data-id=\"6b899ea\" data-element_type=\"section\">\n\t\t\t\t\t\t<div class=\"elementor-container elementor-column-gap-default\">\n\t\t\t\t\t<div class=\"elementor-column elementor-col-50 elementor-top-column elementor-element elementor-element-218d957\" data-id=\"218d957\" data-element_type=\"column\">\n\t\t\t<div class=\"elementor-widget-wrap elementor-element-populated\">\n\t\t\t\t\t\t<div class=\"elementor-element elementor-element-c7c1171 elementor-widget elementor-widget-text-editor\" data-id=\"c7c1171\" data-element_type=\"widget\" data-widget_type=\"text-editor.default\">\n\t\t\t\t<div class=\"elementor-widget-container\">\n\t\t\t\t\t\t\t\t\t<h2 style=\"font-family: Montserrat, sans-serif;\">Mat\u00e9riel promotionnel<\/h2>\n<p>Sur <a href=\"https:\/\/my.easyfairs.com\/#\/login\">My Easyfairs<\/a>, vous trouverez diff\u00e9rents <strong>mat\u00e9riaux pr\u00eats \u00e0 l&#8217;emploi<\/strong>. Pensez au logo, aux banni\u00e8res, aux cartes d&rsquo;invitation&#8230; et tout cela dans diff\u00e9rents formats.<\/p>\n<p>Utilisez-les dans vos campagnes de marketing planifi\u00e9es avant votre participation au salon (\u00e0 la fois sous forme imprim\u00e9e et num\u00e9rique). Vous ferez ainsi conna\u00eetre votre participation \u00e0 un groupe cible aussi large et int\u00e9ressant que possible par le biais de diff\u00e9rents canaux.<\/p>\n<p>N&rsquo;oubliez pas d&rsquo;utiliser \u00e9galement <strong>vos canaux de m\u00e9dias sociaux<\/strong> pour promouvoir votre participation !<\/p>\n\t\t\t\t\t\t\t\t<\/div>\n\t\t\t\t<\/div>\n\t\t\t\t\t<\/div>\n\t\t<\/div>\n\t\t\t\t<div class=\"elementor-column elementor-col-50 elementor-top-column elementor-element elementor-element-942560e\" data-id=\"942560e\" data-element_type=\"column\" data-settings=\"{&quot;background_background&quot;:&quot;classic&quot;}\">\n\t\t\t<div class=\"elementor-widget-wrap\">\n\t\t\t\t\t\t\t<\/div>\n\t\t<\/div>\n\t\t\t\t\t<\/div>\n\t\t<\/section>\n\t\t\t\t<section class=\"elementor-section elementor-top-section elementor-element elementor-element-e9c53ac elementor-section-full_width elementor-section-height-default elementor-section-height-default\" data-id=\"e9c53ac\" data-element_type=\"section\">\n\t\t\t\t\t\t<div class=\"elementor-container elementor-column-gap-default\">\n\t\t\t\t\t<div class=\"elementor-column elementor-col-50 elementor-top-column elementor-element elementor-element-fed108d\" data-id=\"fed108d\" data-element_type=\"column\">\n\t\t\t<div class=\"elementor-widget-wrap elementor-element-populated\">\n\t\t\t\t\t\t<div class=\"elementor-element elementor-element-e1aa7be elementor-widget elementor-widget-text-editor\" data-id=\"e1aa7be\" data-element_type=\"widget\" data-widget_type=\"text-editor.default\">\n\t\t\t\t<div class=\"elementor-widget-container\">\n\t\t\t\t\t\t\t\t\t<h2 style=\"font-family: Montserrat, sans-serif;\">M\u00e9dias sociaux<\/h2>\n<p>N&rsquo;oubliez pas d&rsquo;utiliser vos canaux de m\u00e9dias sociaux pour promouvoir votre participation ! Si vous avez besoin de conseils sur la mani\u00e8re de proc\u00e9der, vous pouvez toujours nous contacter pour obtenir <strong>une introduction concise.<\/strong><\/p>\n<p>N&rsquo;oubliez pas de nous <strong>taguer<\/strong>, afin que nous puissions \u00e9galement partager votre message sur nos propres canaux !<\/p>\n<p>N&rsquo;oubliez pas non plus d&rsquo;utiliser le hashtag #LIB26 ! Cela aidera LinkedIn et Facebook \u00e0 diffuser votre message aux bonnes personnes.<\/p>\n\t\t\t\t\t\t\t\t<\/div>\n\t\t\t\t<\/div>\n\t\t\t\t\t<\/div>\n\t\t<\/div>\n\t\t\t\t<div class=\"elementor-column elementor-col-50 elementor-top-column elementor-element elementor-element-ae60e86\" data-id=\"ae60e86\" data-element_type=\"column\" data-settings=\"{&quot;background_background&quot;:&quot;classic&quot;}\">\n\t\t\t<div class=\"elementor-widget-wrap elementor-element-populated\">\n\t\t\t\t\t\t<div class=\"elementor-element elementor-element-47965f5 elementor-align-left elementor-widget elementor-widget-button\" data-id=\"47965f5\" data-element_type=\"widget\" data-widget_type=\"button.default\">\n\t\t\t\t<div class=\"elementor-widget-container\">\n\t\t\t\t\t\t\t\t\t<div class=\"elementor-button-wrapper\">\n\t\t\t\t\t<a class=\"elementor-button elementor-button-link elementor-size-xs\" href=\"https:\/\/www.linkedin.com\/showcase\/logistic-industrial-build\/\" target=\"_blank\">\n\t\t\t\t\t\t<span class=\"elementor-button-content-wrapper\">\n\t\t\t\t\t\t\t\t\t<span class=\"elementor-button-text\">Suivez-nous sur LinkedIn<\/span>\n\t\t\t\t\t<\/span>\n\t\t\t\t\t<\/a>\n\t\t\t\t<\/div>\n\t\t\t\t\t\t\t\t<\/div>\n\t\t\t\t<\/div>\n\t\t\t\t\t<\/div>\n\t\t<\/div>\n\t\t\t\t\t<\/div>\n\t\t<\/section>\n\t\t\t\t<section class=\"elementor-section elementor-top-section elementor-element elementor-element-6c9a75c elementor-section-full_width elementor-section-height-default elementor-section-height-default\" data-id=\"6c9a75c\" data-element_type=\"section\">\n\t\t\t\t\t\t<div class=\"elementor-container elementor-column-gap-default\">\n\t\t\t\t\t<div class=\"elementor-column elementor-col-100 elementor-top-column elementor-element elementor-element-42d5109\" data-id=\"42d5109\" data-element_type=\"column\" data-settings=\"{&quot;background_background&quot;:&quot;classic&quot;}\">\n\t\t\t<div class=\"elementor-widget-wrap elementor-element-populated\">\n\t\t\t\t\t\t<div class=\"elementor-element elementor-element-987f6d6 elementor-widget elementor-widget-text-editor\" data-id=\"987f6d6\" data-element_type=\"widget\" data-widget_type=\"text-editor.default\">\n\t\t\t\t<div class=\"elementor-widget-container\">\n\t\t\t\t\t\t\t\t\t<h1><span style=\"color: #ffffff;\">Besoin d&rsquo;aide pour promouvoir votre participation ?<\/span><\/h1>\n\t\t\t\t\t\t\t\t<\/div>\n\t\t\t\t<\/div>\n\t\t\t\t<section class=\"elementor-section elementor-inner-section elementor-element elementor-element-dc7b9da elementor-section-full_width elementor-section-content-middle elementor-section-height-default elementor-section-height-default\" data-id=\"dc7b9da\" data-element_type=\"section\">\n\t\t\t\t\t\t<div class=\"elementor-container elementor-column-gap-default\">\n\t\t\t\t\t<div class=\"elementor-column elementor-col-25 elementor-inner-column elementor-element elementor-element-e89d63c\" data-id=\"e89d63c\" data-element_type=\"column\">\n\t\t\t<div class=\"elementor-widget-wrap elementor-element-populated\">\n\t\t\t\t\t\t<div class=\"elementor-element elementor-element-06bc353 elementor-widget elementor-widget-image\" data-id=\"06bc353\" data-element_type=\"widget\" data-widget_type=\"image.default\">\n\t\t\t\t<div class=\"elementor-widget-container\">\n\t\t\t\t\t\t\t\t\t\t\t\t\t\t\t<img decoding=\"async\" src=\"https:\/\/easyfairsassets.com\/sites\/275\/elementor\/thumbs\/LOWRES-IC9C3430-e1669038366442-py1i3x5pkqrevzhpty60o1mg9lrwna50o8ndelcpn4.jpg\" title=\"LOWRES-IC9C3430\" alt=\"donna leroy\" loading=\"lazy\" \/>\t\t\t\t\t\t\t\t\t\t\t\t\t\t\t<\/div>\n\t\t\t\t<\/div>\n\t\t\t\t\t<\/div>\n\t\t<\/div>\n\t\t\t\t<div class=\"elementor-column elementor-col-25 elementor-inner-column elementor-element elementor-element-296a863\" data-id=\"296a863\" data-element_type=\"column\">\n\t\t\t<div class=\"elementor-widget-wrap elementor-element-populated\">\n\t\t\t\t\t\t<div class=\"elementor-element elementor-element-be8d5ea elementor-widget elementor-widget-text-editor\" data-id=\"be8d5ea\" data-element_type=\"widget\" data-widget_type=\"text-editor.default\">\n\t\t\t\t<div class=\"elementor-widget-container\">\n\t\t\t\t\t\t\t\t\t<p style=\"text-align: left;\"><span style=\"color: #ffffff;\"><b>Contact:<\/b><\/span><\/p>\n<p><\/p>\n<p style=\"text-align: left;\"><span style=\"color: #ffffff;\"><b>Donna Leroy<\/b><\/span><\/p>\n<p><\/p>\n<p style=\"text-align: left;\"><span style=\"color: #00aa6e;\">Community Builder<\/span><\/p>\n\t\t\t\t\t\t\t\t<\/div>\n\t\t\t\t<\/div>\n\t\t\t\t<div class=\"elementor-element elementor-element-d58d98d elementor-widget__width-auto elementor-view-default elementor-widget elementor-widget-icon\" data-id=\"d58d98d\" data-element_type=\"widget\" data-widget_type=\"icon.default\">\n\t\t\t\t<div class=\"elementor-widget-container\">\n\t\t\t\t\t\t\t<div class=\"elementor-icon-wrapper\">\n\t\t\t<a class=\"elementor-icon\" href=\"mailto:donna.leroy@easyfairs.com\">\n\t\t\t<i aria-hidden=\"true\" class=\"fas fa-envelope\"><\/i>\t\t\t<\/a>\n\t\t<\/div>\n\t\t\t\t\t\t<\/div>\n\t\t\t\t<\/div>\n\t\t\t\t\t<\/div>\n\t\t<\/div>\n\t\t\t\t<div class=\"elementor-column elementor-col-25 elementor-inner-column elementor-element elementor-element-e8bd64d\" data-id=\"e8bd64d\" data-element_type=\"column\">\n\t\t\t<div class=\"elementor-widget-wrap elementor-element-populated\">\n\t\t\t\t\t\t<div class=\"elementor-element elementor-element-eed2dd8 elementor-widget elementor-widget-image\" data-id=\"eed2dd8\" data-element_type=\"widget\" data-widget_type=\"image.default\">\n\t\t\t\t<div class=\"elementor-widget-container\">\n\t\t\t\t\t\t\t\t\t\t\t\t\t\t\t<img decoding=\"async\" src=\"https:\/\/easyfairsassets.com\/sites\/275\/elementor\/thumbs\/3D2A0955-r6k70m6yvmljiq9tpgqr2g4br5z6a5a5irpcxv8n2o.jpg\" title=\"3D2A0955\" alt=\"3D2A0955\" loading=\"lazy\" \/>\t\t\t\t\t\t\t\t\t\t\t\t\t\t\t<\/div>\n\t\t\t\t<\/div>\n\t\t\t\t\t<\/div>\n\t\t<\/div>\n\t\t\t\t<div class=\"elementor-column elementor-col-25 elementor-inner-column elementor-element elementor-element-d789178\" data-id=\"d789178\" data-element_type=\"column\">\n\t\t\t<div class=\"elementor-widget-wrap elementor-element-populated\">\n\t\t\t\t\t\t<div class=\"elementor-element elementor-element-da546fb elementor-widget elementor-widget-text-editor\" data-id=\"da546fb\" data-element_type=\"widget\" data-widget_type=\"text-editor.default\">\n\t\t\t\t<div class=\"elementor-widget-container\">\n\t\t\t\t\t\t\t\t\t<p style=\"text-align: left;\"><span style=\"color: #ffffff;\"><b>Contact:<\/b><\/span><\/p>\n<p><\/p>\n<p style=\"text-align: left;\"><span style=\"color: #ffffff;\"><b>Amber Van de Putte<\/b><\/span><\/p>\n<p><\/p>\n<p style=\"text-align: left;\"><span style=\"color: #00aa6e;\">Community Activator<\/span><\/p>\n\t\t\t\t\t\t\t\t<\/div>\n\t\t\t\t<\/div>\n\t\t\t\t<div class=\"elementor-element elementor-element-2eeee23 elementor-widget__width-auto elementor-view-default elementor-widget elementor-widget-icon\" data-id=\"2eeee23\" data-element_type=\"widget\" data-widget_type=\"icon.default\">\n\t\t\t\t<div class=\"elementor-widget-container\">\n\t\t\t\t\t\t\t<div class=\"elementor-icon-wrapper\">\n\t\t\t<a class=\"elementor-icon\" href=\"mailto:amber.vandeputte@easyfairs.com\">\n\t\t\t<i aria-hidden=\"true\" class=\"fas fa-envelope\"><\/i>\t\t\t<\/a>\n\t\t<\/div>\n\t\t\t\t\t\t<\/div>\n\t\t\t\t<\/div>\n\t\t\t\t\t<\/div>\n\t\t<\/div>\n\t\t\t\t\t<\/div>\n\t\t<\/section>\n\t\t\t\t\t<\/div>\n\t\t<\/div>\n\t\t\t\t\t<\/div>\n\t\t<\/section>\n\t\t\t\t<\/div>\n\t\t","protected":false},"excerpt":{"rendered":"<p>Promouvoir votre participation F\u00e9licitations pour votre participation en tant qu&rsquo;exposant \u00e0 Logistic &amp; Industrial Build. Commencez \u00e0 temps \u00e0 faire conna\u00eetre votre participation. Il s&rsquo;agit d&rsquo;attirer le plus grand nombre possible de contacts potentiels et de visiteurs de qualit\u00e9 sur votre stand. En tant qu&rsquo;organisateurs, nous mettons tout en \u0153uvre pour vous y aider. Voici [&hellip;]<\/p>\n","protected":false},"author":933,"featured_media":20,"parent":0,"menu_order":0,"comment_status":"closed","ping_status":"closed","template":"","meta":{"_seopress_robots_primary_cat":"","_seopress_titles_title":"Promouvoir la participation %%sep%% %%sitetitle%%","_seopress_titles_desc":"Nous sommes heureux de vous aider \u00e0 promouvoir votre participation \u00e0 Logistic & Industrial Build. D\u00e9couvrez comment nous pouvons faire de votre participation un succ\u00e8s.","_seopress_robots_index":"","footnotes":""},"class_list":["post-9769","page","type-page","status-publish","has-post-thumbnail","hentry"],"_links":{"self":[{"href":"https:\/\/www.logistic-industrial-build.be\/fr\/wp-json\/wp\/v2\/pages\/9769","targetHints":{"allow":["GET"]}}],"collection":[{"href":"https:\/\/www.logistic-industrial-build.be\/fr\/wp-json\/wp\/v2\/pages"}],"about":[{"href":"https:\/\/www.logistic-industrial-build.be\/fr\/wp-json\/wp\/v2\/types\/page"}],"author":[{"embeddable":true,"href":"https:\/\/www.logistic-industrial-build.be\/fr\/wp-json\/wp\/v2\/users\/933"}],"replies":[{"embeddable":true,"href":"https:\/\/www.logistic-industrial-build.be\/fr\/wp-json\/wp\/v2\/comments?post=9769"}],"version-history":[{"count":5,"href":"https:\/\/www.logistic-industrial-build.be\/fr\/wp-json\/wp\/v2\/pages\/9769\/revisions"}],"predecessor-version":[{"id":52843,"href":"https:\/\/www.logistic-industrial-build.be\/fr\/wp-json\/wp\/v2\/pages\/9769\/revisions\/52843"}],"wp:featuredmedia":[{"embeddable":true,"href":"https:\/\/www.logistic-industrial-build.be\/fr\/wp-json\/wp\/v2\/media\/20"}],"wp:attachment":[{"href":"https:\/\/www.logistic-industrial-build.be\/fr\/wp-json\/wp\/v2\/media?parent=9769"}],"curies":[{"name":"wp","href":"https:\/\/api.w.org\/{rel}","templated":true}]}}