{"id":28489,"date":"2023-06-27T15:45:26","date_gmt":"2023-06-27T13:45:26","guid":{"rendered":"https:\/\/www.logistic-industrial-build.be\/votre-smartbadge\/"},"modified":"2025-07-10T09:04:26","modified_gmt":"2025-07-10T07:04:26","slug":"votre-smartbadge","status":"publish","type":"page","link":"https:\/\/www.logistic-industrial-build.be\/fr\/votre-smartbadge\/","title":{"rendered":"Votre smartbadge"},"content":{"rendered":"\t\t<div data-elementor-type=\"wp-page\" data-elementor-id=\"28489\" class=\"elementor elementor-28489 elementor-9154\" data-elementor-post-type=\"page\">\n\t\t\t\t<div class=\"elementor-element elementor-element-04ab592 e-flex e-con-boxed e-con e-parent\" data-id=\"04ab592\" data-element_type=\"container\" data-settings=\"{&quot;background_background&quot;:&quot;classic&quot;}\">\n\t\t\t\t\t<div class=\"e-con-inner\">\n\t\t<div class=\"elementor-element elementor-element-12c9849 e-con-full e-flex e-con e-child\" data-id=\"12c9849\" data-element_type=\"container\">\n\t\t\t\t<div class=\"elementor-element elementor-element-0616ba2 elementor-invisible elementor-widget elementor-widget-text-editor\" data-id=\"0616ba2\" data-element_type=\"widget\" data-settings=\"{&quot;_animation&quot;:&quot;zoomIn&quot;}\" data-widget_type=\"text-editor.default\">\n\t\t\t\t<div class=\"elementor-widget-container\">\n\t\t\t\t\t\t\t\t\t<h1>Votre Smartbadge<\/h1>\n\t\t\t\t\t\t\t\t<\/div>\n\t\t\t\t<\/div>\n\t\t\t\t<div class=\"elementor-element elementor-element-615fa2e elementor-widget elementor-widget-text-editor\" data-id=\"615fa2e\" data-element_type=\"widget\" data-widget_type=\"text-editor.default\">\n\t\t\t\t<div class=\"elementor-widget-container\">\n\t\t\t\t\t\t\t\t\t<p>Obtenez facilement et rapidement des informations de la part des exposants gr\u00e2ce \u00e0 notre technologie Smart Badge.<\/p>\n\t\t\t\t\t\t\t\t<\/div>\n\t\t\t\t<\/div>\n\t\t\t\t<\/div>\n\t\t\t\t\t<\/div>\n\t\t\t\t<\/div>\n\t\t<div class=\"elementor-element elementor-element-7c3ad68 e-flex e-con-boxed e-con e-parent\" data-id=\"7c3ad68\" data-element_type=\"container\">\n\t\t\t\t\t<div class=\"e-con-inner\">\n\t\t<div class=\"elementor-element elementor-element-e11e898 e-con-full e-flex e-con e-child\" data-id=\"e11e898\" data-element_type=\"container\">\n\t\t\t\t<div class=\"elementor-element elementor-element-64b0cff elementor-widget elementor-widget-image\" data-id=\"64b0cff\" data-element_type=\"widget\" data-widget_type=\"image.default\">\n\t\t\t\t<div class=\"elementor-widget-container\">\n\t\t\t\t\t\t\t\t\t\t\t\t\t\t\t<img fetchpriority=\"high\" decoding=\"async\" width=\"768\" height=\"768\" src=\"https:\/\/easyfairsassets.com\/sites\/275\/2024\/07\/badgy.jpg\" class=\"attachment-large size-large wp-image-19738\" alt=\"smart badge\" srcset=\"https:\/\/easyfairsassets.com\/sites\/275\/2024\/07\/badgy.jpg 768w, https:\/\/easyfairsassets.com\/sites\/275\/2024\/07\/badgy-300x300.jpg 300w, https:\/\/easyfairsassets.com\/sites\/275\/2024\/07\/badgy-150x150.jpg 150w\" sizes=\"(max-width: 768px) 100vw, 768px\" \/>\t\t\t\t\t\t\t\t\t\t\t\t\t\t\t<\/div>\n\t\t\t\t<\/div>\n\t\t\t\t<\/div>\n\t\t<div class=\"elementor-element elementor-element-5a1edbb e-con-full e-flex e-con e-child\" data-id=\"5a1edbb\" data-element_type=\"container\">\n\t\t\t\t<div class=\"elementor-element elementor-element-1292125 elementor-widget elementor-widget-text-editor\" data-id=\"1292125\" data-element_type=\"widget\" data-widget_type=\"text-editor.default\">\n\t\t\t\t<div class=\"elementor-widget-container\">\n\t\t\t\t\t\t\t\t\t<h5>Comment utiliser votre badge visiteur ?<\/h5>\n<p>1. Vous verrez un ou plusieurs panneaux verts <strong>sur chaque stand.<\/strong> Vous \u00eates int\u00e9ress\u00e9 par un exposant et ses produits ?<\/p>\n<p>2. <strong>Touchez le lecteur du panneau<\/strong> vert avec votre badge visiteur.<\/p>\n<p>3. Vous saurez que votre action a r\u00e9ussi lorsque <strong>vous entendrez un bip<\/strong> et que le lecteur s&rsquo;allumera en vert.<\/p>\n<p>4. <strong>Le lendemain de votre visite, vous recevrez un e-mail<\/strong> contenant un aper\u00e7u de toutes les informations collect\u00e9es ainsi que quelques recommandations d&rsquo;exposants susceptibles de vous int\u00e9resser.<\/p>\n\t\t\t\t\t\t\t\t<\/div>\n\t\t\t\t<\/div>\n\t\t\t\t<\/div>\n\t\t\t\t\t<\/div>\n\t\t\t\t<\/div>\n\t\t<div class=\"elementor-element elementor-element-125bcb6 e-flex e-con-boxed e-con e-parent\" data-id=\"125bcb6\" data-element_type=\"container\" data-settings=\"{&quot;background_background&quot;:&quot;classic&quot;}\">\n\t\t\t\t\t<div class=\"e-con-inner\">\n\t\t<div class=\"elementor-element elementor-element-7d5ec81 e-con-full e-flex e-con e-child\" data-id=\"7d5ec81\" data-element_type=\"container\">\n\t\t\t\t<div class=\"elementor-element elementor-element-21f9f3d elementor-widget elementor-widget-text-editor\" data-id=\"21f9f3d\" data-element_type=\"widget\" data-widget_type=\"text-editor.default\">\n\t\t\t\t<div class=\"elementor-widget-container\">\n\t\t\t\t\t\t\t\t\t<h4><span style=\"color: #ffffff;\">Vos avantages<\/span><\/h4>\n<p>1. <strong>Votre badge visiteur est votre fourre-tout virtuel<\/strong> pendant votre visite au salon. Plus besoin de transporter de lourds catalogues ou de prendre des notes.<\/p>\n<p>2. Vous savez exactement quels stands vous avez visit\u00e9s. Vous recevez par la suite un e-mail contenant <strong>un aper\u00e7u pratique de votre visite<\/strong>.<\/p>\n<p>3. Pas de spam. <strong>Vous ne recevez que les informations num\u00e9riques<\/strong> des exposants pour lesquels vous avez manifest\u00e9 de l&rsquo;int\u00e9r\u00eat.<\/p>\n\t\t\t\t\t\t\t\t<\/div>\n\t\t\t\t<\/div>\n\t\t\t\t<\/div>\n\t\t<div class=\"elementor-element elementor-element-ac94a16 e-con-full e-flex e-con e-child\" data-id=\"ac94a16\" data-element_type=\"container\">\n\t\t\t\t<div class=\"elementor-element elementor-element-d136088 elementor-widget elementor-widget-video\" data-id=\"d136088\" data-element_type=\"widget\" data-settings=\"{&quot;youtube_url&quot;:&quot;https:\\\/\\\/www.youtube.com\\\/watch?v=Wvxmq7ITRC0&quot;,&quot;video_type&quot;:&quot;youtube&quot;,&quot;controls&quot;:&quot;yes&quot;}\" data-widget_type=\"video.default\">\n\t\t\t\t<div class=\"elementor-widget-container\">\n\t\t\t\t\t\t\t<div class=\"elementor-wrapper elementor-open-inline\">\n\t\t\t<div class=\"elementor-video\"><\/div>\t\t<\/div>\n\t\t\t\t\t\t<\/div>\n\t\t\t\t<\/div>\n\t\t\t\t<\/div>\n\t\t\t\t\t<\/div>\n\t\t\t\t<\/div>\n\t\t<div class=\"elementor-element elementor-element-9bb9df9 e-con-full elementor-hidden-desktop elementor-hidden-tablet elementor-hidden-mobile e-flex e-con e-parent\" data-id=\"9bb9df9\" data-element_type=\"container\" data-settings=\"{&quot;background_background&quot;:&quot;classic&quot;}\">\n\t\t<div class=\"elementor-element elementor-element-f37bd60 e-con-full e-flex e-con e-child\" data-id=\"f37bd60\" data-element_type=\"container\">\n\t\t\t\t<div class=\"elementor-element elementor-element-2b03998 elementor-widget elementor-widget-text-editor\" data-id=\"2b03998\" data-element_type=\"widget\" data-widget_type=\"text-editor.default\">\n\t\t\t\t<div class=\"elementor-widget-container\">\n\t\t\t\t\t\t\t\t\t<p><strong>Smartbadge<\/strong><\/p>\n\t\t\t\t\t\t\t\t<\/div>\n\t\t\t\t<\/div>\n\t\t\t\t<div class=\"elementor-element elementor-element-803f71f elementor-widget elementor-widget-text-editor\" data-id=\"803f71f\" data-element_type=\"widget\" data-widget_type=\"text-editor.default\">\n\t\t\t\t<div class=\"elementor-widget-container\">\n\t\t\t\t\t\t\t\t\t<p>Obtenez facilement et rapidement des informations de la part des exposants gr\u00e2ce \u00e0 notre technologie Smart Badge.<\/p>\n\t\t\t\t\t\t\t\t<\/div>\n\t\t\t\t<\/div>\n\t\t\t\t<\/div>\n\t\t\t\t<\/div>\n\t\t<div class=\"elementor-element elementor-element-2c6f72f e-con-full elementor-hidden-desktop elementor-hidden-tablet elementor-hidden-mobile e-flex e-con e-parent\" data-id=\"2c6f72f\" data-element_type=\"container\">\n\t\t<div class=\"elementor-element elementor-element-edc79f1 e-con-full e-flex e-con e-child\" data-id=\"edc79f1\" data-element_type=\"container\" data-settings=\"{&quot;background_background&quot;:&quot;classic&quot;}\">\n\t\t\t\t<\/div>\n\t\t<div class=\"elementor-element elementor-element-4ca2308 e-con-full e-flex e-con e-child\" data-id=\"4ca2308\" data-element_type=\"container\">\n\t\t\t\t<div class=\"elementor-element elementor-element-76b008d elementor-widget elementor-widget-text-editor\" data-id=\"76b008d\" data-element_type=\"widget\" data-widget_type=\"text-editor.default\">\n\t\t\t\t<div class=\"elementor-widget-container\">\n\t\t\t\t\t\t\t\t\t<h3>Comment utiliser votre badge visiteur ?<\/h3>\n<p><\/p>\n<pre>1. Vous verrez un ou plusieurs panneaux verts <strong>sur chaque stand<\/strong>. Vous \u00eates int\u00e9ress\u00e9 par un exposant et ses produits ?<\/pre>\n<p>2.<strong> Touchez le lecteur du panneau vert avec votre badge visiteur<\/strong>.<\/p>\n<p>3. Vous saurez que votre action a r\u00e9ussi lorsque vous entendrez <strong>un bip<\/strong> et que le lecteur s&rsquo;allumera en vert.<\/p>\n<p>4. <strong>Le lendemain de votre visite<\/strong>, vous recevrez un e-mail contenant un aper\u00e7u de toutes les informations collect\u00e9es ainsi que quelques recommandations d&rsquo;exposants susceptibles de vous int\u00e9resser.<\/p>\n\t\t\t\t\t\t\t\t<\/div>\n\t\t\t\t<\/div>\n\t\t\t\t<\/div>\n\t\t<div class=\"elementor-element elementor-element-45bb59c e-con-full e-flex e-con e-child\" data-id=\"45bb59c\" data-element_type=\"container\" data-settings=\"{&quot;background_background&quot;:&quot;classic&quot;}\">\n\t\t\t\t<\/div>\n\t\t\t\t<\/div>\n\t\t<div class=\"elementor-element elementor-element-6ac5e3c e-con-full elementor-hidden-desktop elementor-hidden-tablet elementor-hidden-mobile e-flex e-con e-parent\" data-id=\"6ac5e3c\" data-element_type=\"container\">\n\t\t<div class=\"elementor-element elementor-element-540cf3f e-con-full e-flex e-con e-child\" data-id=\"540cf3f\" data-element_type=\"container\">\n\t\t\t\t<div class=\"elementor-element elementor-element-9710275 elementor-widget elementor-widget-text-editor\" data-id=\"9710275\" data-element_type=\"widget\" data-widget_type=\"text-editor.default\">\n\t\t\t\t<div class=\"elementor-widget-container\">\n\t\t\t\t\t\t\t\t\t<h3>Vos avantages<\/h3>\n<p>1.<strong> Votre badge visiteur est votre fourre-tout virtuel<\/strong> pendant votre visite au salon. Plus besoin de transporter de lourds catalogues ou de prendre des notes.<\/p>\n<p>2. Vous savez exactement quels stands vous avez visit\u00e9s. Vous recevez par la suite un e-mail contenant <strong>un aper\u00e7u pratique de votre visite<\/strong>.<\/p>\n<p>3. Pas de spam. <strong>Vous ne recevez que les informations num\u00e9riques<\/strong> des exposants pour lesquels vous avez manifest\u00e9 de l&rsquo;int\u00e9r\u00eat.<\/p>\n\t\t\t\t\t\t\t\t<\/div>\n\t\t\t\t<\/div>\n\t\t\t\t<\/div>\n\t\t<div class=\"elementor-element elementor-element-156011a e-con-full e-flex e-con e-child\" data-id=\"156011a\" data-element_type=\"container\" data-settings=\"{&quot;background_background&quot;:&quot;classic&quot;}\">\n\t\t\t\t<div class=\"elementor-element elementor-element-acfa3e2 elementor-widget__width-inherit elementor-widget elementor-widget-video\" data-id=\"acfa3e2\" data-element_type=\"widget\" data-settings=\"{&quot;youtube_url&quot;:&quot;https:\\\/\\\/www.youtube.com\\\/watch?v=ikKCfzrS3nQ&quot;,&quot;video_type&quot;:&quot;youtube&quot;,&quot;controls&quot;:&quot;yes&quot;}\" data-widget_type=\"video.default\">\n\t\t\t\t<div class=\"elementor-widget-container\">\n\t\t\t\t\t\t\t<div class=\"elementor-wrapper elementor-open-inline\">\n\t\t\t<div class=\"elementor-video\"><\/div>\t\t<\/div>\n\t\t\t\t\t\t<\/div>\n\t\t\t\t<\/div>\n\t\t\t\t<\/div>\n\t\t<div class=\"elementor-element elementor-element-5459cb2 e-con-full e-flex e-con e-child\" data-id=\"5459cb2\" data-element_type=\"container\" data-settings=\"{&quot;background_background&quot;:&quot;classic&quot;}\">\n\t\t\t\t<\/div>\n\t\t\t\t<\/div>\n\t\t\t\t<\/div>\n\t\t","protected":false},"excerpt":{"rendered":"<p>Votre Smartbadge Obtenez facilement et rapidement des informations de la part des exposants gr\u00e2ce \u00e0 notre technologie Smart Badge. Comment utiliser votre badge visiteur ? 1. Vous verrez un ou plusieurs panneaux verts sur chaque stand. Vous \u00eates int\u00e9ress\u00e9 par un exposant et ses produits ? 2. Touchez le lecteur du panneau vert avec votre [&hellip;]<\/p>\n","protected":false},"author":177,"featured_media":9157,"parent":0,"menu_order":0,"comment_status":"closed","ping_status":"closed","template":"","meta":{"_seopress_robots_primary_cat":"","_seopress_titles_title":"Comment collecter facilement et rapidement des informations aupr\u00e8s des exposants ?","_seopress_titles_desc":"Utilisez votre badge visiteur pour scanner le Smart Badge. Apr\u00e8s votre visite du salon, vous recevrez un aper\u00e7u pratique de tous les stands que vous avez visit\u00e9s.","_seopress_robots_index":"","footnotes":""},"class_list":["post-28489","page","type-page","status-publish","has-post-thumbnail","hentry"],"_links":{"self":[{"href":"https:\/\/www.logistic-industrial-build.be\/fr\/wp-json\/wp\/v2\/pages\/28489","targetHints":{"allow":["GET"]}}],"collection":[{"href":"https:\/\/www.logistic-industrial-build.be\/fr\/wp-json\/wp\/v2\/pages"}],"about":[{"href":"https:\/\/www.logistic-industrial-build.be\/fr\/wp-json\/wp\/v2\/types\/page"}],"author":[{"embeddable":true,"href":"https:\/\/www.logistic-industrial-build.be\/fr\/wp-json\/wp\/v2\/users\/177"}],"replies":[{"embeddable":true,"href":"https:\/\/www.logistic-industrial-build.be\/fr\/wp-json\/wp\/v2\/comments?post=28489"}],"version-history":[{"count":5,"href":"https:\/\/www.logistic-industrial-build.be\/fr\/wp-json\/wp\/v2\/pages\/28489\/revisions"}],"predecessor-version":[{"id":30168,"href":"https:\/\/www.logistic-industrial-build.be\/fr\/wp-json\/wp\/v2\/pages\/28489\/revisions\/30168"}],"wp:featuredmedia":[{"embeddable":true,"href":"https:\/\/www.logistic-industrial-build.be\/fr\/wp-json\/wp\/v2\/media\/9157"}],"wp:attachment":[{"href":"https:\/\/www.logistic-industrial-build.be\/fr\/wp-json\/wp\/v2\/media?parent=28489"}],"curies":[{"name":"wp","href":"https:\/\/api.w.org\/{rel}","templated":true}]}}