{"id":28449,"date":"2024-03-14T13:33:22","date_gmt":"2024-03-14T12:33:22","guid":{"rendered":"https:\/\/www.logistic-industrial-build.be\/co-locations\/"},"modified":"2025-11-26T10:48:14","modified_gmt":"2025-11-26T09:48:14","slug":"co-locations","status":"publish","type":"page","link":"https:\/\/www.logistic-industrial-build.be\/fr\/co-locations\/","title":{"rendered":"Co-locations"},"content":{"rendered":"\t\t<div data-elementor-type=\"wp-page\" data-elementor-id=\"28449\" class=\"elementor elementor-28449 elementor-18817\" data-elementor-post-type=\"page\">\n\t\t\t\t<div class=\"elementor-element elementor-element-2a61a34 e-flex e-con-boxed e-con e-parent\" data-id=\"2a61a34\" data-element_type=\"container\">\n\t\t\t\t\t<div class=\"e-con-inner\">\n\t\t\t\t<div class=\"elementor-element elementor-element-4866c95 elementor-widget elementor-widget-spacer\" data-id=\"4866c95\" data-element_type=\"widget\" data-widget_type=\"spacer.default\">\n\t\t\t\t<div class=\"elementor-widget-container\">\n\t\t\t\t\t\t\t<div class=\"elementor-spacer\">\n\t\t\t<div class=\"elementor-spacer-inner\"><\/div>\n\t\t<\/div>\n\t\t\t\t\t\t<\/div>\n\t\t\t\t<\/div>\n\t\t\t\t<div class=\"elementor-element elementor-element-876d71b elementor-widget elementor-widget-text-editor\" data-id=\"876d71b\" data-element_type=\"widget\" data-widget_type=\"text-editor.default\">\n\t\t\t\t<div class=\"elementor-widget-container\">\n\t\t\t\t\t\t\t\t\t<h3>Co-location avec Transport &amp; Logistics<\/h3>\n<p><\/p>\n<h3>et Empack<\/h3>\n\t\t\t\t\t\t\t\t<\/div>\n\t\t\t\t<\/div>\n\t\t\t\t\t<\/div>\n\t\t\t\t<\/div>\n\t\t<div class=\"elementor-element elementor-element-13e60fd e-flex e-con-boxed e-con e-parent\" data-id=\"13e60fd\" data-element_type=\"container\">\n\t\t\t\t\t<div class=\"e-con-inner\">\n\t\t<div class=\"elementor-element elementor-element-27a426f e-con-full e-flex e-con e-child\" data-id=\"27a426f\" data-element_type=\"container\">\n\t\t\t\t<div class=\"elementor-element elementor-element-c8e99f7 elementor-widget__width-initial elementor-widget elementor-widget-text-editor\" data-id=\"c8e99f7\" data-element_type=\"widget\" data-widget_type=\"text-editor.default\">\n\t\t\t\t<div class=\"elementor-widget-container\">\n\t\t\t\t\t\t\t\t\t<h2>Logistic &amp; Industrial Build se tiendra simultan\u00e9ment avec Transport &amp; Logistics et Empack \u00e0 Flanders Expo.<\/h2>\n<p>Les <strong>22 et 23 septembre 2026,<\/strong> nous serons heureux de vous accueillir \u00e0 nouveau \u00e0 <strong>Flanders Expo<\/strong> pour une nouvelle \u00e9dition de Logistic &amp; Industrial Build. Tout comme lors de la derni\u00e8re \u00e9dition \u00e0 Gand, Logistic &amp; Industrial Build se tiendra <strong>simultan\u00e9ment<\/strong> avec <strong>Transport &amp; Logistics<\/strong>. Cette ann\u00e9e, <strong>Empack<\/strong> se joindra \u00e9galement \u00e0 ces deux salons et sera pr\u00e9sent \u00e0 Flanders Expo.<\/p>\n\t\t\t\t\t\t\t\t<\/div>\n\t\t\t\t<\/div>\n\t\t\t\t<\/div>\n\t\t<div class=\"elementor-element elementor-element-3822021 e-con-full e-flex e-con e-child\" data-id=\"3822021\" data-element_type=\"container\">\n\t\t\t\t<div class=\"elementor-element elementor-element-341c742 elementor-widget elementor-widget-image\" data-id=\"341c742\" data-element_type=\"widget\" data-widget_type=\"image.default\">\n\t\t\t\t<div class=\"elementor-widget-container\">\n\t\t\t\t\t\t\t\t\t\t\t\t\t\t\t<img fetchpriority=\"high\" decoding=\"async\" width=\"800\" height=\"449\" src=\"https:\/\/easyfairsassets.com\/sites\/275\/2024\/02\/DJI_0719-1024x575.jpg\" class=\"attachment-large size-large wp-image-18726\" alt=\"\" srcset=\"https:\/\/easyfairsassets.com\/sites\/275\/2024\/02\/DJI_0719-1024x575.jpg 1024w, https:\/\/easyfairsassets.com\/sites\/275\/2024\/02\/DJI_0719-300x169.jpg 300w, https:\/\/easyfairsassets.com\/sites\/275\/2024\/02\/DJI_0719-768x431.jpg 768w, https:\/\/easyfairsassets.com\/sites\/275\/2024\/02\/DJI_0719.jpg 1200w\" sizes=\"(max-width: 800px) 100vw, 800px\" \/>\t\t\t\t\t\t\t\t\t\t\t\t\t\t\t<\/div>\n\t\t\t\t<\/div>\n\t\t\t\t<\/div>\n\t\t\t\t\t<\/div>\n\t\t\t\t<\/div>\n\t\t<div class=\"elementor-element elementor-element-1b6de77 e-flex e-con-boxed e-con e-parent\" data-id=\"1b6de77\" data-element_type=\"container\">\n\t\t\t\t\t<div class=\"e-con-inner\">\n\t\t\t\t<div class=\"elementor-element elementor-element-24fa3fe elementor-widget elementor-widget-spacer\" data-id=\"24fa3fe\" data-element_type=\"widget\" data-widget_type=\"spacer.default\">\n\t\t\t\t<div class=\"elementor-widget-container\">\n\t\t\t\t\t\t\t<div class=\"elementor-spacer\">\n\t\t\t<div class=\"elementor-spacer-inner\"><\/div>\n\t\t<\/div>\n\t\t\t\t\t\t<\/div>\n\t\t\t\t<\/div>\n\t\t\t\t\t<\/div>\n\t\t\t\t<\/div>\n\t\t<div class=\"elementor-element elementor-element-f8c00cc e-flex e-con-boxed e-con e-parent\" data-id=\"f8c00cc\" data-element_type=\"container\" data-settings=\"{&quot;background_background&quot;:&quot;classic&quot;}\">\n\t\t\t\t\t<div class=\"e-con-inner\">\n\t\t\t\t<div class=\"elementor-element elementor-element-2130e2b elementor-widget elementor-widget-spacer\" data-id=\"2130e2b\" data-element_type=\"widget\" data-widget_type=\"spacer.default\">\n\t\t\t\t<div class=\"elementor-widget-container\">\n\t\t\t\t\t\t\t<div class=\"elementor-spacer\">\n\t\t\t<div class=\"elementor-spacer-inner\"><\/div>\n\t\t<\/div>\n\t\t\t\t\t\t<\/div>\n\t\t\t\t<\/div>\n\t\t\t\t\t<\/div>\n\t\t\t\t<\/div>\n\t\t<div class=\"elementor-element elementor-element-7d3b1ec e-flex e-con-boxed e-con e-parent\" data-id=\"7d3b1ec\" data-element_type=\"container\" data-settings=\"{&quot;background_background&quot;:&quot;classic&quot;}\">\n\t\t\t\t\t<div class=\"e-con-inner\">\n\t\t<div class=\"elementor-element elementor-element-d01ba89 e-con-full e-flex e-con e-child\" data-id=\"d01ba89\" data-element_type=\"container\" data-settings=\"{&quot;background_background&quot;:&quot;classic&quot;}\">\n\t\t\t\t<div class=\"elementor-element elementor-element-31752c8 elementor-widget elementor-widget-spacer\" data-id=\"31752c8\" data-element_type=\"widget\" data-widget_type=\"spacer.default\">\n\t\t\t\t<div class=\"elementor-widget-container\">\n\t\t\t\t\t\t\t<div class=\"elementor-spacer\">\n\t\t\t<div class=\"elementor-spacer-inner\"><\/div>\n\t\t<\/div>\n\t\t\t\t\t\t<\/div>\n\t\t\t\t<\/div>\n\t\t\t\t<div class=\"elementor-element elementor-element-f2305cb elementor-widget elementor-widget-image\" data-id=\"f2305cb\" data-element_type=\"widget\" data-widget_type=\"image.default\">\n\t\t\t\t<div class=\"elementor-widget-container\">\n\t\t\t\t\t\t\t\t\t\t\t\t\t\t\t<img decoding=\"async\" width=\"300\" height=\"111\" src=\"https:\/\/easyfairsassets.com\/sites\/275\/2025\/06\/TL25_Logo_RGB_Kleur-1-300x111.png\" class=\"attachment-medium size-medium wp-image-28732\" alt=\"\" srcset=\"https:\/\/easyfairsassets.com\/sites\/275\/2025\/06\/TL25_Logo_RGB_Kleur-1-300x111.png 300w, https:\/\/easyfairsassets.com\/sites\/275\/2025\/06\/TL25_Logo_RGB_Kleur-1.png 383w\" sizes=\"(max-width: 300px) 100vw, 300px\" \/>\t\t\t\t\t\t\t\t\t\t\t\t\t\t\t<\/div>\n\t\t\t\t<\/div>\n\t\t\t\t<div class=\"elementor-element elementor-element-24749a0 elementor-widget__width-initial elementor-widget elementor-widget-text-editor\" data-id=\"24749a0\" data-element_type=\"widget\" data-widget_type=\"text-editor.default\">\n\t\t\t\t<div class=\"elementor-widget-container\">\n\t\t\t\t\t\t\t\t\t<h2>Transport &amp; Logistics<\/h2>\n<p>Lors de Transport &amp; Logistics, divers ateliers, conf\u00e9rences et expos\u00e9s sont organis\u00e9s, au cours desquels des experts du secteur partagent leurs id\u00e9es et leur expertise. Transport &amp; Logistics est un \u00e9v\u00e9nement incontournable pour toute personne impliqu\u00e9e dans la logistique, le transport et l&rsquo;immobilier logistique et qui souhaite se tenir au courant des derni\u00e8res \u00e9volutions du secteur.<\/p>\n\t\t\t\t\t\t\t\t<\/div>\n\t\t\t\t<\/div>\n\t\t\t\t<div class=\"elementor-element elementor-element-b9facfe elementor-align-center elementor-widget elementor-widget-button\" data-id=\"b9facfe\" data-element_type=\"widget\" data-widget_type=\"button.default\">\n\t\t\t\t<div class=\"elementor-widget-container\">\n\t\t\t\t\t\t\t\t\t<div class=\"elementor-button-wrapper\">\n\t\t\t\t\t<a class=\"elementor-button elementor-button-link elementor-size-sm\" href=\"https:\/\/www.transport-logistics.be\/fr\/anvers\/\">\n\t\t\t\t\t\t<span class=\"elementor-button-content-wrapper\">\n\t\t\t\t\t\t\t\t\t<span class=\"elementor-button-text\">D\u00e9couvrir le transport et la logistique<\/span>\n\t\t\t\t\t<\/span>\n\t\t\t\t\t<\/a>\n\t\t\t\t<\/div>\n\t\t\t\t\t\t\t\t<\/div>\n\t\t\t\t<\/div>\n\t\t\t\t<\/div>\n\t\t<div class=\"elementor-element elementor-element-bc02f82 e-con-full e-flex e-con e-child\" data-id=\"bc02f82\" data-element_type=\"container\" data-settings=\"{&quot;background_background&quot;:&quot;classic&quot;}\">\n\t\t\t\t<div class=\"elementor-element elementor-element-013da9a elementor-widget elementor-widget-spacer\" data-id=\"013da9a\" data-element_type=\"widget\" data-widget_type=\"spacer.default\">\n\t\t\t\t<div class=\"elementor-widget-container\">\n\t\t\t\t\t\t\t<div class=\"elementor-spacer\">\n\t\t\t<div class=\"elementor-spacer-inner\"><\/div>\n\t\t<\/div>\n\t\t\t\t\t\t<\/div>\n\t\t\t\t<\/div>\n\t\t\t\t<div class=\"elementor-element elementor-element-489deb0 elementor-widget__width-initial elementor-widget elementor-widget-image\" data-id=\"489deb0\" data-element_type=\"widget\" data-widget_type=\"image.default\">\n\t\t\t\t<div class=\"elementor-widget-container\">\n\t\t\t\t\t\t\t\t\t\t\t\t\t\t\t<img decoding=\"async\" width=\"300\" height=\"127\" src=\"https:\/\/easyfairsassets.com\/sites\/275\/2024\/03\/Empack_logo-2020_RGB_LR-transparant-300x127.png\" class=\"attachment-medium size-medium wp-image-18831\" alt=\"Logistics &amp; Industrial Build onder een dak met Transport &amp; Logistics 2024 in Gent\" srcset=\"https:\/\/easyfairsassets.com\/sites\/275\/2024\/03\/Empack_logo-2020_RGB_LR-transparant-300x127.png 300w, https:\/\/easyfairsassets.com\/sites\/275\/2024\/03\/Empack_logo-2020_RGB_LR-transparant-768x326.png 768w, https:\/\/easyfairsassets.com\/sites\/275\/2024\/03\/Empack_logo-2020_RGB_LR-transparant.png 879w\" sizes=\"(max-width: 300px) 100vw, 300px\" \/>\t\t\t\t\t\t\t\t\t\t\t\t\t\t\t<\/div>\n\t\t\t\t<\/div>\n\t\t\t\t<div class=\"elementor-element elementor-element-3d9218d elementor-widget__width-initial elementor-widget elementor-widget-text-editor\" data-id=\"3d9218d\" data-element_type=\"widget\" data-widget_type=\"text-editor.default\">\n\t\t\t\t<div class=\"elementor-widget-container\">\n\t\t\t\t\t\t\t\t\t<h2>Empack<\/h2>\n<p>Empack Gand est le lieu de rencontre incontournable pour tous les acteurs du secteur belge de l&#8217;emballage. Pendant deux jours, Flanders Expo sera enti\u00e8rement plac\u00e9 sous le signe de l&rsquo;innovation, de l&rsquo;inspiration et de l&rsquo;interaction. Tout cela sous un m\u00eame toit. Que vous soyez fabricant, fournisseur, acheteur ou innovateur, c&rsquo;est l&rsquo;occasion r\u00eav\u00e9e de vous d\u00e9marquer.<\/p>\n\t\t\t\t\t\t\t\t<\/div>\n\t\t\t\t<\/div>\n\t\t\t\t<div class=\"elementor-element elementor-element-0e8beb3 elementor-align-center elementor-widget elementor-widget-button\" data-id=\"0e8beb3\" data-element_type=\"widget\" data-widget_type=\"button.default\">\n\t\t\t\t<div class=\"elementor-widget-container\">\n\t\t\t\t\t\t\t\t\t<div class=\"elementor-button-wrapper\">\n\t\t\t\t\t<a class=\"elementor-button elementor-button-link elementor-size-sm\" href=\"https:\/\/www.empack.be\/\">\n\t\t\t\t\t\t<span class=\"elementor-button-content-wrapper\">\n\t\t\t\t\t\t\t\t\t<span class=\"elementor-button-text\">D\u00e9couvrir Empack<\/span>\n\t\t\t\t\t<\/span>\n\t\t\t\t\t<\/a>\n\t\t\t\t<\/div>\n\t\t\t\t\t\t\t\t<\/div>\n\t\t\t\t<\/div>\n\t\t\t\t<\/div>\n\t\t\t\t\t<\/div>\n\t\t\t\t<\/div>\n\t\t<div class=\"elementor-element elementor-element-64346dc e-flex e-con-boxed e-con e-parent\" data-id=\"64346dc\" data-element_type=\"container\" data-settings=\"{&quot;background_background&quot;:&quot;classic&quot;}\">\n\t\t\t\t\t<div class=\"e-con-inner\">\n\t\t\t\t<div class=\"elementor-element elementor-element-7238abc elementor-widget elementor-widget-spacer\" data-id=\"7238abc\" data-element_type=\"widget\" data-widget_type=\"spacer.default\">\n\t\t\t\t<div class=\"elementor-widget-container\">\n\t\t\t\t\t\t\t<div class=\"elementor-spacer\">\n\t\t\t<div class=\"elementor-spacer-inner\"><\/div>\n\t\t<\/div>\n\t\t\t\t\t\t<\/div>\n\t\t\t\t<\/div>\n\t\t\t\t\t<\/div>\n\t\t\t\t<\/div>\n\t\t<div class=\"elementor-element elementor-element-3728ef2 e-flex e-con-boxed e-con e-parent\" data-id=\"3728ef2\" data-element_type=\"container\">\n\t\t\t\t\t<div class=\"e-con-inner\">\n\t\t\t\t<div class=\"elementor-element elementor-element-83a143f elementor-widget elementor-widget-spacer\" data-id=\"83a143f\" data-element_type=\"widget\" data-widget_type=\"spacer.default\">\n\t\t\t\t<div class=\"elementor-widget-container\">\n\t\t\t\t\t\t\t<div class=\"elementor-spacer\">\n\t\t\t<div class=\"elementor-spacer-inner\"><\/div>\n\t\t<\/div>\n\t\t\t\t\t\t<\/div>\n\t\t\t\t<\/div>\n\t\t\t\t\t<\/div>\n\t\t\t\t<\/div>\n\t\t<div class=\"elementor-element elementor-element-8ee096b e-flex e-con-boxed e-con e-parent\" data-id=\"8ee096b\" data-element_type=\"container\">\n\t\t\t\t\t<div class=\"e-con-inner\">\n\t\t\t\t<div class=\"elementor-element elementor-element-806c3c1 elementor-widget elementor-widget-text-editor\" data-id=\"806c3c1\" data-element_type=\"widget\" data-widget_type=\"text-editor.default\">\n\t\t\t\t<div class=\"elementor-widget-container\">\n\t\t\t\t\t\t\t\t\t<h2>Voulez-vous aussi participer \u00e0 Logistic &amp; Industrial Build ? C&rsquo;est possible ! Contact :<\/h2>\n\t\t\t\t\t\t\t\t<\/div>\n\t\t\t\t<\/div>\n\t\t\t\t\t<\/div>\n\t\t\t\t<\/div>\n\t\t<div class=\"elementor-element elementor-element-0b7e78a e-flex e-con-boxed e-con e-parent\" data-id=\"0b7e78a\" data-element_type=\"container\">\n\t\t\t\t\t<div class=\"e-con-inner\">\n\t\t<div class=\"elementor-element elementor-element-c13a475 e-con-full e-flex e-con e-child\" data-id=\"c13a475\" data-element_type=\"container\">\n\t\t\t\t<div class=\"elementor-element elementor-element-8f2135c elementor-widget__width-initial elementor-widget elementor-widget-image\" data-id=\"8f2135c\" data-element_type=\"widget\" data-widget_type=\"image.default\">\n\t\t\t\t<div class=\"elementor-widget-container\">\n\t\t\t\t\t\t\t\t\t\t\t\t\t\t\t<img loading=\"lazy\" decoding=\"async\" width=\"150\" height=\"150\" src=\"https:\/\/easyfairsassets.com\/sites\/275\/2025\/10\/Mag-ook-150x150.jpg\" class=\"attachment-thumbnail size-thumbnail wp-image-51356\" alt=\"\" \/>\t\t\t\t\t\t\t\t\t\t\t\t\t\t\t<\/div>\n\t\t\t\t<\/div>\n\t\t\t\t<\/div>\n\t\t<div class=\"elementor-element elementor-element-7594f97 e-con-full e-flex e-con e-child\" data-id=\"7594f97\" data-element_type=\"container\">\n\t\t\t\t<div class=\"elementor-element elementor-element-1d39a0f elementor-widget elementor-widget-text-editor\" data-id=\"1d39a0f\" data-element_type=\"widget\" data-widget_type=\"text-editor.default\">\n\t\t\t\t<div class=\"elementor-widget-container\">\n\t\t\t\t\t\t\t\t\t<p><strong>Veronique Lietaer<\/strong><\/p>\n<p>\u00a0<\/p>\n<p>Sales Event Manager<\/p>\n<p>+32 3 280 53 61<\/p>\n\t\t\t\t\t\t\t\t<\/div>\n\t\t\t\t<\/div>\n\t\t\t\t<div class=\"elementor-element elementor-element-f6ad0e2 elementor-view-default elementor-widget elementor-widget-icon\" data-id=\"f6ad0e2\" data-element_type=\"widget\" data-widget_type=\"icon.default\">\n\t\t\t\t<div class=\"elementor-widget-container\">\n\t\t\t\t\t\t\t<div class=\"elementor-icon-wrapper\">\n\t\t\t<a class=\"elementor-icon\" href=\"mailto:veronique.lietaer@easyfairs.com\">\n\t\t\t<i aria-hidden=\"true\" class=\"fas fa-envelope\"><\/i>\t\t\t<\/a>\n\t\t<\/div>\n\t\t\t\t\t\t<\/div>\n\t\t\t\t<\/div>\n\t\t\t\t<\/div>\n\t\t\t\t\t<\/div>\n\t\t\t\t<\/div>\n\t\t<div class=\"elementor-element elementor-element-a663a0e e-flex e-con-boxed e-con e-parent\" data-id=\"a663a0e\" data-element_type=\"container\">\n\t\t\t\t\t<div class=\"e-con-inner\">\n\t\t\t\t<div class=\"elementor-element elementor-element-4544edb elementor-widget elementor-widget-spacer\" data-id=\"4544edb\" data-element_type=\"widget\" data-widget_type=\"spacer.default\">\n\t\t\t\t<div class=\"elementor-widget-container\">\n\t\t\t\t\t\t\t<div class=\"elementor-spacer\">\n\t\t\t<div class=\"elementor-spacer-inner\"><\/div>\n\t\t<\/div>\n\t\t\t\t\t\t<\/div>\n\t\t\t\t<\/div>\n\t\t\t\t\t<\/div>\n\t\t\t\t<\/div>\n\t\t\t\t<\/div>\n\t\t","protected":false},"excerpt":{"rendered":"<p>Co-location avec Transport &amp; Logistics et Empack Logistic &amp; Industrial Build se tiendra simultan\u00e9ment avec Transport &amp; Logistics et Empack \u00e0 Flanders Expo. Les 22 et 23 septembre 2026, nous serons heureux de vous accueillir \u00e0 nouveau \u00e0 Flanders Expo pour une nouvelle \u00e9dition de Logistic &amp; Industrial Build. Tout comme lors de la derni\u00e8re [&hellip;]<\/p>\n","protected":false},"author":949,"featured_media":0,"parent":0,"menu_order":0,"comment_status":"closed","ping_status":"closed","template":"","meta":{"_seopress_robots_primary_cat":"","_seopress_titles_title":"Logistic & Industrial Build avec Transport & Logistics et Empack","_seopress_titles_desc":"Les 22 et 23 septembre 2026 \u00e0 Flanders Expo ! D\u00e9couvrez Logistic & Industrial Build, l'\u00e9v\u00e9nement de r\u00e9seautage d\u00e9di\u00e9 au march\u00e9 immobilier logistique !","_seopress_robots_index":"","footnotes":""},"class_list":["post-28449","page","type-page","status-publish","hentry"],"_links":{"self":[{"href":"https:\/\/www.logistic-industrial-build.be\/fr\/wp-json\/wp\/v2\/pages\/28449","targetHints":{"allow":["GET"]}}],"collection":[{"href":"https:\/\/www.logistic-industrial-build.be\/fr\/wp-json\/wp\/v2\/pages"}],"about":[{"href":"https:\/\/www.logistic-industrial-build.be\/fr\/wp-json\/wp\/v2\/types\/page"}],"author":[{"embeddable":true,"href":"https:\/\/www.logistic-industrial-build.be\/fr\/wp-json\/wp\/v2\/users\/949"}],"replies":[{"embeddable":true,"href":"https:\/\/www.logistic-industrial-build.be\/fr\/wp-json\/wp\/v2\/comments?post=28449"}],"version-history":[{"count":5,"href":"https:\/\/www.logistic-industrial-build.be\/fr\/wp-json\/wp\/v2\/pages\/28449\/revisions"}],"predecessor-version":[{"id":52866,"href":"https:\/\/www.logistic-industrial-build.be\/fr\/wp-json\/wp\/v2\/pages\/28449\/revisions\/52866"}],"wp:attachment":[{"href":"https:\/\/www.logistic-industrial-build.be\/fr\/wp-json\/wp\/v2\/media?parent=28449"}],"curies":[{"name":"wp","href":"https:\/\/api.w.org\/{rel}","templated":true}]}}