{"id":23385,"date":"2024-09-03T11:54:54","date_gmt":"2024-09-03T09:54:54","guid":{"rendered":"https:\/\/www.logistic-industrial-build.be\/lapp-logistique-pour-les-exposants\/"},"modified":"2025-06-03T14:29:00","modified_gmt":"2025-06-03T12:29:00","slug":"lapp-logistique-pour-les-exposants","status":"publish","type":"page","link":"https:\/\/www.logistic-industrial-build.be\/fr\/lapp-logistique-pour-les-exposants\/","title":{"rendered":"L&rsquo;App Logistique pour les exposants"},"content":{"rendered":"\t\t<div data-elementor-type=\"wp-page\" data-elementor-id=\"23385\" class=\"elementor elementor-23385 elementor-23314\" data-elementor-post-type=\"page\">\n\t\t\t\t<div class=\"elementor-element elementor-element-50c29db e-flex e-con-boxed e-con e-parent\" data-id=\"50c29db\" data-element_type=\"container\" data-settings=\"{&quot;background_background&quot;:&quot;classic&quot;}\">\n\t\t\t\t\t<div class=\"e-con-inner\">\n\t\t<div class=\"elementor-element elementor-element-d1e620c e-con-full e-flex e-con e-child\" data-id=\"d1e620c\" data-element_type=\"container\">\n\t\t\t\t<div class=\"elementor-element elementor-element-9163ee2 elementor-invisible elementor-widget elementor-widget-text-editor\" data-id=\"9163ee2\" data-element_type=\"widget\" data-settings=\"{&quot;_animation&quot;:&quot;zoomIn&quot;}\" data-widget_type=\"text-editor.default\">\n\t\t\t\t<div class=\"elementor-widget-container\">\n\t\t\t\t\t\t\t\t\t<h1>Optimisez votre participation au salon avec L&rsquo;App Logistique<\/h1>\n\t\t\t\t\t\t\t\t<\/div>\n\t\t\t\t<\/div>\n\t\t\t\t<div class=\"elementor-element elementor-element-a2cfe3c elementor-widget elementor-widget-text-editor\" data-id=\"a2cfe3c\" data-element_type=\"widget\" data-widget_type=\"text-editor.default\">\n\t\t\t\t<div class=\"elementor-widget-container\">\n\t\t\t\t\t\t\t\t\t<p>D\u00e9couvrez notre nouvelle application \u00e9v\u00e9nementielle, dot\u00e9e de diverses fonctionnalit\u00e9s qui augmenteront votre visibilit\u00e9 avant, pendant et apr\u00e8s l&rsquo;\u00e9v\u00e9nement. L&rsquo;application vous permet de rester en contact \u00e0 tout moment avec vos clients, prospects et partenaires potentiels.<\/p>\n\t\t\t\t\t\t\t\t<\/div>\n\t\t\t\t<\/div>\n\t\t\t\t<\/div>\n\t\t\t\t\t<\/div>\n\t\t\t\t<\/div>\n\t\t<div class=\"elementor-element elementor-element-ad38460 e-flex e-con-boxed e-con e-parent\" data-id=\"ad38460\" data-element_type=\"container\">\n\t\t\t\t\t<div class=\"e-con-inner\">\n\t\t<div class=\"elementor-element elementor-element-0979395 e-con-full e-flex e-con e-child\" data-id=\"0979395\" data-element_type=\"container\">\n\t\t\t\t<div class=\"elementor-element elementor-element-92da838 elementor-widget elementor-widget-image\" data-id=\"92da838\" data-element_type=\"widget\" data-widget_type=\"image.default\">\n\t\t\t\t<div class=\"elementor-widget-container\">\n\t\t\t\t\t\t\t\t\t\t\t\t\t\t\t<img fetchpriority=\"high\" decoding=\"async\" width=\"800\" height=\"513\" src=\"https:\/\/easyfairsassets.com\/sites\/275\/2024\/08\/LIB4_metal-structure_HR-1024x657.jpg\" class=\"attachment-large size-large wp-image-20115\" alt=\"\" srcset=\"https:\/\/easyfairsassets.com\/sites\/275\/2024\/08\/LIB4_metal-structure_HR-1024x657.jpg 1024w, https:\/\/easyfairsassets.com\/sites\/275\/2024\/08\/LIB4_metal-structure_HR-300x193.jpg 300w, https:\/\/easyfairsassets.com\/sites\/275\/2024\/08\/LIB4_metal-structure_HR-768x493.jpg 768w, https:\/\/easyfairsassets.com\/sites\/275\/2024\/08\/LIB4_metal-structure_HR.jpg 1200w\" sizes=\"(max-width: 800px) 100vw, 800px\" \/>\t\t\t\t\t\t\t\t\t\t\t\t\t\t\t<\/div>\n\t\t\t\t<\/div>\n\t\t\t\t<\/div>\n\t\t<div class=\"elementor-element elementor-element-a0dc726 e-con-full e-flex e-con e-child\" data-id=\"a0dc726\" data-element_type=\"container\">\n\t\t\t\t<div class=\"elementor-element elementor-element-85eccf7 elementor-widget elementor-widget-text-editor\" data-id=\"85eccf7\" data-element_type=\"widget\" data-widget_type=\"text-editor.default\">\n\t\t\t\t<div class=\"elementor-widget-container\">\n\t\t\t\t\t\t\t\t\t<p><strong>\ud83d\ude80 Pr\u00e9parez-vous en cr\u00e9ant votre profil et en invitant vos membres d&rsquo;\u00e9quipe<\/strong><br \/>\nLes informations de l&rsquo;entreprise sont pr\u00e9remplies depuis My Easyfairs. Vous devez simplement pr\u00e9parer votre planning pour l&rsquo;\u00e9v\u00e9nement avec l&rsquo;application, afin que les visiteurs puissent communiquer avec vous \u00e0 l&rsquo;avance et planifier des rendez-vous lors de l&rsquo;\u00e9v\u00e9nement.<\/p>\n<p><strong>\ud83e\udd1d Recevez des recommandations personnalis\u00e9es<\/strong><br \/>\nL&rsquo;application vous propose les connexions les plus pertinentes. Des personnes que vous souhaiterez probablement rencontrer lors de l&rsquo;\u00e9v\u00e9nement, en fonction de vos pr\u00e9f\u00e9rences et int\u00e9r\u00eats.<\/p>\n\t\t\t\t\t\t\t\t<\/div>\n\t\t\t\t<\/div>\n\t\t\t\t<\/div>\n\t\t\t\t\t<\/div>\n\t\t\t\t<\/div>\n\t\t<div class=\"elementor-element elementor-element-34125f9 e-flex e-con-boxed e-con e-parent\" data-id=\"34125f9\" data-element_type=\"container\">\n\t\t\t\t\t<div class=\"e-con-inner\">\n\t\t<div class=\"elementor-element elementor-element-ea85334 e-con-full e-flex e-con e-child\" data-id=\"ea85334\" data-element_type=\"container\">\n\t\t\t\t<div class=\"elementor-element elementor-element-ad0d6ae elementor-widget elementor-widget-text-editor\" data-id=\"ad0d6ae\" data-element_type=\"widget\" data-widget_type=\"text-editor.default\">\n\t\t\t\t<div class=\"elementor-widget-container\">\n\t\t\t\t\t\t\t\t\t<p style=\"text-align: center;\"><strong>Avantages de l&rsquo;App Logistique<\/strong><\/p>\n<ul>\n<li><strong>R\u00e9seautage maximal :<\/strong> Augmentez vos chances de rencontrer des professionnels partageant les m\u00eames int\u00e9r\u00eats.<\/li>\n<li><strong>Prise de rendez-vous efficace :<\/strong> Communiquez facilement et planifiez vos rendez-vous.<\/li>\n<li><strong>Exp\u00e9rience personnalis\u00e9e :<\/strong> Adaptez votre exp\u00e9rience de l&rsquo;\u00e9v\u00e9nement \u00e0 vos objectifs professionnels.<\/li>\n<\/ul>\n\t\t\t\t\t\t\t\t<\/div>\n\t\t\t\t<\/div>\n\t\t\t\t<\/div>\n\t\t<div class=\"elementor-element elementor-element-f3e8d96 e-con-full e-flex e-con e-child\" data-id=\"f3e8d96\" data-element_type=\"container\">\n\t\t\t\t<div class=\"elementor-element elementor-element-a7babdf elementor-widget elementor-widget-text-editor\" data-id=\"a7babdf\" data-element_type=\"widget\" data-widget_type=\"text-editor.default\">\n\t\t\t\t<div class=\"elementor-widget-container\">\n\t\t\t\t\t\t\t\t\t<p style=\"text-align: center;\"><strong>Comment \u00e7a marche ?<\/strong><\/p>\n<ol>\n<li><strong>Enregistrez votre personnel de stand :<\/strong> Apr\u00e8s l&rsquo;inscription, ils recevront un e-mail pour cr\u00e9er leur compte dans l&rsquo;application.<\/li>\n<li><strong>Configurez votre profil utilisateur :<\/strong> Parlez-nous de vos int\u00e9r\u00eats et de ce que vous recherchez lors de l&rsquo;\u00e9v\u00e9nement.<\/li>\n<li><strong>T\u00e9l\u00e9chargez l&rsquo;application :<\/strong> T\u00e9l\u00e9chargez l&rsquo;application et profitez de ses avantages \u00e0 tout moment et partout.<\/li>\n<\/ol>\n\t\t\t\t\t\t\t\t<\/div>\n\t\t\t\t<\/div>\n\t\t\t\t<\/div>\n\t\t\t\t\t<\/div>\n\t\t\t\t<\/div>\n\t\t<div class=\"elementor-element elementor-element-93f6535 e-flex e-con-boxed e-con e-parent\" data-id=\"93f6535\" data-element_type=\"container\">\n\t\t\t\t\t<div class=\"e-con-inner\">\n\t\t<div class=\"elementor-element elementor-element-36d79c7 e-con-full e-flex e-con e-child\" data-id=\"36d79c7\" data-element_type=\"container\">\n\t\t\t\t<div class=\"elementor-element elementor-element-9d683a7 elementor-widget elementor-widget-text-editor\" data-id=\"9d683a7\" data-element_type=\"widget\" data-widget_type=\"text-editor.default\">\n\t\t\t\t<div class=\"elementor-widget-container\">\n\t\t\t\t\t\t\t\t\t<h4 style=\"text-align: center;\"><strong>Tirez le meilleur parti de votre participation !<\/strong><\/h4>\n<p style=\"text-align: left;\">Notre application est bien plus qu&rsquo;un simple outil de planification. C&rsquo;est votre assistant personnel, con\u00e7u pour vous offrir une exp\u00e9rience riche et fluide, du moment o\u00f9 vous d\u00e9cidez de nous rendre visite jusqu&rsquo;\u00e0 votre d\u00e9part.<\/p>\n<p style=\"text-align: left;\">N&rsquo;attendez plus et installez d\u00e8s maintenant l&rsquo;App Logistique ! Optimisez votre visite au salon, faites de nouvelles connexions et restez inform\u00e9 de tout ce que Transport &amp; Logistics a \u00e0 offrir.<\/p>\n<p style=\"text-align: left;\">\ud83d\udcf2 <strong>T\u00e9l\u00e9chargez l&rsquo;App maintenant<\/strong><\/p>\n\t\t\t\t\t\t\t\t<\/div>\n\t\t\t\t<\/div>\n\t\t<div class=\"elementor-element elementor-element-eea7988 e-flex e-con-boxed e-con e-child\" data-id=\"eea7988\" data-element_type=\"container\">\n\t\t\t\t\t<div class=\"e-con-inner\">\n\t\t<div class=\"elementor-element elementor-element-e963ed3 e-con-full e-flex e-con e-child\" data-id=\"e963ed3\" data-element_type=\"container\">\n\t\t\t\t<div class=\"elementor-element elementor-element-b1adcf6 elementor-widget elementor-widget-image\" data-id=\"b1adcf6\" data-element_type=\"widget\" data-widget_type=\"image.default\">\n\t\t\t\t<div class=\"elementor-widget-container\">\n\t\t\t\t\t\t\t\t\t\t\t\t\t\t\t\t<a href=\"https:\/\/play.google.com\/store\/apps\/details?id=events.grip.logistics1030\">\n\t\t\t\t\t\t\t<img decoding=\"async\" width=\"223\" height=\"73\" src=\"https:\/\/easyfairsassets.com\/sites\/275\/2024\/09\/playstore.png\" class=\"attachment-large size-large wp-image-23300\" alt=\"\" \/>\t\t\t\t\t\t\t\t<\/a>\n\t\t\t\t\t\t\t\t\t\t\t\t\t\t\t<\/div>\n\t\t\t\t<\/div>\n\t\t\t\t<\/div>\n\t\t<div class=\"elementor-element elementor-element-77afbc5 e-con-full e-flex e-con e-child\" data-id=\"77afbc5\" data-element_type=\"container\">\n\t\t\t\t<div class=\"elementor-element elementor-element-6914275 elementor-widget elementor-widget-image\" data-id=\"6914275\" data-element_type=\"widget\" data-widget_type=\"image.default\">\n\t\t\t\t<div class=\"elementor-widget-container\">\n\t\t\t\t\t\t\t\t\t\t\t\t\t\t\t\t<a href=\"https:\/\/apps.apple.com\/be\/app\/logistics-belgium\/id6593679487\">\n\t\t\t\t\t\t\t<img decoding=\"async\" width=\"233\" height=\"76\" src=\"https:\/\/easyfairsassets.com\/sites\/275\/2024\/09\/appstore.png\" class=\"attachment-large size-large wp-image-23303\" alt=\"\" \/>\t\t\t\t\t\t\t\t<\/a>\n\t\t\t\t\t\t\t\t\t\t\t\t\t\t\t<\/div>\n\t\t\t\t<\/div>\n\t\t\t\t<\/div>\n\t\t\t\t\t<\/div>\n\t\t\t\t<\/div>\n\t\t\t\t<\/div>\n\t\t\t\t\t<\/div>\n\t\t\t\t<\/div>\n\t\t\t\t<\/div>\n\t\t","protected":false},"excerpt":{"rendered":"<p>L&rsquo;App Logistique<\/p>\n","protected":false},"author":949,"featured_media":0,"parent":0,"menu_order":0,"comment_status":"closed","ping_status":"closed","template":"","meta":{"_seopress_robots_primary_cat":"","_seopress_titles_title":"L'App Logistique pour les exposants","_seopress_titles_desc":"Optimisez votre participation aux salons avec l'application Logistics App","_seopress_robots_index":"","footnotes":""},"class_list":["post-23385","page","type-page","status-publish","hentry"],"_links":{"self":[{"href":"https:\/\/www.logistic-industrial-build.be\/fr\/wp-json\/wp\/v2\/pages\/23385","targetHints":{"allow":["GET"]}}],"collection":[{"href":"https:\/\/www.logistic-industrial-build.be\/fr\/wp-json\/wp\/v2\/pages"}],"about":[{"href":"https:\/\/www.logistic-industrial-build.be\/fr\/wp-json\/wp\/v2\/types\/page"}],"author":[{"embeddable":true,"href":"https:\/\/www.logistic-industrial-build.be\/fr\/wp-json\/wp\/v2\/users\/949"}],"replies":[{"embeddable":true,"href":"https:\/\/www.logistic-industrial-build.be\/fr\/wp-json\/wp\/v2\/comments?post=23385"}],"version-history":[{"count":1,"href":"https:\/\/www.logistic-industrial-build.be\/fr\/wp-json\/wp\/v2\/pages\/23385\/revisions"}],"predecessor-version":[{"id":23386,"href":"https:\/\/www.logistic-industrial-build.be\/fr\/wp-json\/wp\/v2\/pages\/23385\/revisions\/23386"}],"wp:attachment":[{"href":"https:\/\/www.logistic-industrial-build.be\/fr\/wp-json\/wp\/v2\/media?parent=23385"}],"curies":[{"name":"wp","href":"https:\/\/api.w.org\/{rel}","templated":true}]}}