{"id":23334,"date":"2024-08-14T14:46:24","date_gmt":"2024-08-14T12:46:24","guid":{"rendered":"https:\/\/www.logistic-industrial-build.be\/lapp-de-logistique\/"},"modified":"2025-06-03T14:10:48","modified_gmt":"2025-06-03T12:10:48","slug":"lapp-de-logistique","status":"publish","type":"page","link":"https:\/\/www.logistic-industrial-build.be\/fr\/lapp-de-logistique\/","title":{"rendered":"L&rsquo;App de Logistique"},"content":{"rendered":"\t\t<div data-elementor-type=\"wp-page\" data-elementor-id=\"23334\" class=\"elementor elementor-23334 elementor-20090\" data-elementor-post-type=\"page\">\n\t\t\t\t<div class=\"elementor-element elementor-element-145cbbb e-flex e-con-boxed e-con e-parent\" data-id=\"145cbbb\" data-element_type=\"container\" data-settings=\"{&quot;background_background&quot;:&quot;classic&quot;}\">\n\t\t\t\t\t<div class=\"e-con-inner\">\n\t\t<div class=\"elementor-element elementor-element-ef986ec e-con-full e-flex e-con e-child\" data-id=\"ef986ec\" data-element_type=\"container\">\n\t\t\t\t<div class=\"elementor-element elementor-element-75353d1 elementor-invisible elementor-widget elementor-widget-text-editor\" data-id=\"75353d1\" data-element_type=\"widget\" data-settings=\"{&quot;_animation&quot;:&quot;zoomIn&quot;}\" data-widget_type=\"text-editor.default\">\n\t\t\t\t<div class=\"elementor-widget-container\">\n\t\t\t\t\t\t\t\t\t<h1>Optimisez votre visite au salon avec L&rsquo;App de Logistique<\/h1>\n\t\t\t\t\t\t\t\t<\/div>\n\t\t\t\t<\/div>\n\t\t\t\t<div class=\"elementor-element elementor-element-1249251 elementor-widget elementor-widget-text-editor\" data-id=\"1249251\" data-element_type=\"widget\" data-widget_type=\"text-editor.default\">\n\t\t\t\t<div class=\"elementor-widget-container\">\n\t\t\t\t\t\t\t\t\tD\u00e9couvrez notre nouvelle application \u00e9v\u00e9nementielle pour une visite de salon plus efficace.\t\t\t\t\t\t\t\t<\/div>\n\t\t\t\t<\/div>\n\t\t\t\t<\/div>\n\t\t\t\t\t<\/div>\n\t\t\t\t<\/div>\n\t\t<div class=\"elementor-element elementor-element-3a80241 e-flex e-con-boxed e-con e-parent\" data-id=\"3a80241\" data-element_type=\"container\">\n\t\t\t\t\t<div class=\"e-con-inner\">\n\t\t<div class=\"elementor-element elementor-element-e94ddbe e-con-full e-flex e-con e-child\" data-id=\"e94ddbe\" data-element_type=\"container\">\n\t\t\t\t<div class=\"elementor-element elementor-element-631c4d6 elementor-widget elementor-widget-image\" data-id=\"631c4d6\" data-element_type=\"widget\" data-widget_type=\"image.default\">\n\t\t\t\t<div class=\"elementor-widget-container\">\n\t\t\t\t\t\t\t\t\t\t\t\t\t\t\t<img fetchpriority=\"high\" decoding=\"async\" width=\"800\" height=\"513\" src=\"https:\/\/easyfairsassets.com\/sites\/275\/2024\/08\/LIB4_metal-structure_HR-1024x657.jpg\" class=\"attachment-large size-large wp-image-20115\" alt=\"\" srcset=\"https:\/\/easyfairsassets.com\/sites\/275\/2024\/08\/LIB4_metal-structure_HR-1024x657.jpg 1024w, https:\/\/easyfairsassets.com\/sites\/275\/2024\/08\/LIB4_metal-structure_HR-300x193.jpg 300w, https:\/\/easyfairsassets.com\/sites\/275\/2024\/08\/LIB4_metal-structure_HR-768x493.jpg 768w, https:\/\/easyfairsassets.com\/sites\/275\/2024\/08\/LIB4_metal-structure_HR.jpg 1200w\" sizes=\"(max-width: 800px) 100vw, 800px\" \/>\t\t\t\t\t\t\t\t\t\t\t\t\t\t\t<\/div>\n\t\t\t\t<\/div>\n\t\t\t\t<\/div>\n\t\t<div class=\"elementor-element elementor-element-fb2812e e-con-full e-flex e-con e-child\" data-id=\"fb2812e\" data-element_type=\"container\">\n\t\t\t\t<div class=\"elementor-element elementor-element-9bafe20 elementor-widget elementor-widget-text-editor\" data-id=\"9bafe20\" data-element_type=\"widget\" data-widget_type=\"text-editor.default\">\n\t\t\t\t<div class=\"elementor-widget-container\">\n\t\t\t\t\t\t\t\t\t<p>\ud83d\ude80 <strong>Commencez \u00e0 planifier avant m\u00eame d&rsquo;arriver !<\/strong><\/p>\n<p>Nous comprenons que planifier votre visite \u00e0 Logistic &amp; Industrial Build est crucial pour tirer le meilleur parti de l&rsquo;\u00e9v\u00e9nement. Notre nouvelle application vous permet de pr\u00e9parer votre journ\u00e9e de salon dans les moindres d\u00e9tails, avant m\u00eame de mettre les pieds dans la salle d&rsquo;exposition.<\/p>\n<p>\ud83e\udd1d <strong>Recevez des recommandations personnalis\u00e9es<\/strong><\/p>\n<p>Recevez des suggestions personnalis\u00e9es sur les personnes que vous pourriez rencontrer. Nos algorithmes intelligents analysent vos pr\u00e9f\u00e9rences et vous proposent les connexions les plus pertinentes.<\/p>\n<p>\ud83d\udcc5 <strong>D\u00e9couvrez &amp; Planifiez vos s\u00e9minaires<\/strong><\/p>\n<p>Ne manquez plus jamais une session importante ! D\u00e9couvrez les diff\u00e9rents s\u00e9minaires, lisez-en plus sur les intervenants et les sujets, et ajoutez les sessions qui vous int\u00e9ressent directement \u00e0 votre agenda personnel.<\/p>\n\t\t\t\t\t\t\t\t<\/div>\n\t\t\t\t<\/div>\n\t\t\t\t<\/div>\n\t\t\t\t\t<\/div>\n\t\t\t\t<\/div>\n\t\t<div class=\"elementor-element elementor-element-56700d5 e-flex e-con-boxed e-con e-parent\" data-id=\"56700d5\" data-element_type=\"container\">\n\t\t\t\t\t<div class=\"e-con-inner\">\n\t\t<div class=\"elementor-element elementor-element-17aae04 e-con-full e-flex e-con e-child\" data-id=\"17aae04\" data-element_type=\"container\">\n\t\t\t\t<div class=\"elementor-element elementor-element-febc897 elementor-widget elementor-widget-text-editor\" data-id=\"febc897\" data-element_type=\"widget\" data-widget_type=\"text-editor.default\">\n\t\t\t\t<div class=\"elementor-widget-container\">\n\t\t\t\t\t\t\t\t\t<p style=\"text-align: center;\"><strong>Avantages de l&rsquo;App de Logistique<\/strong><\/p>\n<ol>\n<li><strong>R\u00e9seautage efficace :<\/strong> Trouvez rapidement et facilement les professionnels et experts que vous recherchez, et planifiez vos rencontres de mani\u00e8re efficace.<\/li>\n<li><strong>Exp\u00e9rience personnalis\u00e9e :<\/strong> Recevez des recommandations adapt\u00e9es \u00e0 vos int\u00e9r\u00eats et besoins professionnels<\/li>\n<li><strong>Restez organis\u00e9 :<\/strong> Gardez une vue d&rsquo;ensemble sur votre planning, vos rencontres et vos s\u00e9minaires en un seul endroit.<\/li>\n<li><strong>Toujours \u00e0 jour :<\/strong> Recevez des mises \u00e0 jour en temps r\u00e9el et des notifications concernant l&rsquo;\u00e9v\u00e9nement.<\/li>\n<\/ol>\n\t\t\t\t\t\t\t\t<\/div>\n\t\t\t\t<\/div>\n\t\t\t\t<\/div>\n\t\t<div class=\"elementor-element elementor-element-dc6af06 e-con-full e-flex e-con e-child\" data-id=\"dc6af06\" data-element_type=\"container\">\n\t\t\t\t<div class=\"elementor-element elementor-element-b51acd2 elementor-widget elementor-widget-text-editor\" data-id=\"b51acd2\" data-element_type=\"widget\" data-widget_type=\"text-editor.default\">\n\t\t\t\t<div class=\"elementor-widget-container\">\n\t\t\t\t\t\t\t\t\t<p style=\"text-align: center;\"><strong>Comment \u00e7a marche ?<\/strong><\/p>\r\n\r\n<ol>\r\n \t<li><strong>Inscrivez-vous d&rsquo;abord pour le salon :<\/strong> Apr\u00e8s votre inscription, vous recevrez un e-mail vous permettant de cr\u00e9er votre compte sur l&rsquo;application.<\/li>\r\n \t<li><strong>T\u00e9l\u00e9chargez l&rsquo;App :<\/strong> L&rsquo;App est disponible pour Android et iOS. Suivez le lien ou scannez le QR code pour la t\u00e9l\u00e9charger.<\/li>\r\n \t<li><strong>Configurez votre profil :<\/strong> Parlez-nous de vos centres d&rsquo;int\u00e9r\u00eat, de votre entreprise et de ce que vous recherchez pendant l&rsquo;\u00e9v\u00e9nement.<\/li>\r\n \t<li><strong>Commencez \u00e0 faire des correspondances :<\/strong> Explorez les recommandations, connectez-vous avec des coll\u00e8gues professionnels et planifiez votre visite.<\/li>\r\n \t<li><strong>Profitez de Logistic &amp; Industrial Build :<\/strong> Avec votre planning \u00e0 port\u00e9e de main, concentrez-vous sur la cr\u00e9ation de connexions significatives et l&rsquo;acquisition d&rsquo;informations pr\u00e9cieuses.<\/li>\r\n<\/ol>\t\t\t\t\t\t\t\t<\/div>\n\t\t\t\t<\/div>\n\t\t\t\t<\/div>\n\t\t\t\t\t<\/div>\n\t\t\t\t<\/div>\n\t\t<div class=\"elementor-element elementor-element-6e190d9 e-flex e-con-boxed e-con e-parent\" data-id=\"6e190d9\" data-element_type=\"container\">\n\t\t\t\t\t<div class=\"e-con-inner\">\n\t\t<div class=\"elementor-element elementor-element-371c5e9 e-con-full e-flex e-con e-child\" data-id=\"371c5e9\" data-element_type=\"container\">\n\t\t\t\t<div class=\"elementor-element elementor-element-0fe968a elementor-widget elementor-widget-text-editor\" data-id=\"0fe968a\" data-element_type=\"widget\" data-widget_type=\"text-editor.default\">\n\t\t\t\t<div class=\"elementor-widget-container\">\n\t\t\t\t\t\t\t\t\t<p><strong>Tirez le meilleur parti de votre visite \u00e0 Logistic &amp; Industrial Build !<\/strong> Notre application est bien plus qu&rsquo;un simple outil de planification. C&rsquo;est votre assistant personnel, con\u00e7u pour vous offrir une exp\u00e9rience riche et fluide, du moment o\u00f9 vous d\u00e9cidez de nous rendre visite jusqu&rsquo;\u00e0 votre d\u00e9part.<\/p>\n<p>N&rsquo;attendez plus et installez d\u00e8s maintenant l&rsquo;App de Logistique ! Optimisez votre visite au salon, cr\u00e9ez de nouvelles connexions et restez inform\u00e9 de tout ce que Logistic &amp; Industrial Build a \u00e0 offrir.<\/p>\n<p>\ud83d\udcf2 <strong>T\u00e9l\u00e9chargez l&rsquo;App maintenant<\/strong><\/p>\n\t\t\t\t\t\t\t\t<\/div>\n\t\t\t\t<\/div>\n\t\t<div class=\"elementor-element elementor-element-a568c13 e-flex e-con-boxed e-con e-child\" data-id=\"a568c13\" data-element_type=\"container\">\n\t\t\t\t\t<div class=\"e-con-inner\">\n\t\t<div class=\"elementor-element elementor-element-06c0a75 e-con-full e-flex e-con e-child\" data-id=\"06c0a75\" data-element_type=\"container\">\n\t\t\t\t<div class=\"elementor-element elementor-element-a768fe0 elementor-widget elementor-widget-image\" data-id=\"a768fe0\" data-element_type=\"widget\" data-widget_type=\"image.default\">\n\t\t\t\t<div class=\"elementor-widget-container\">\n\t\t\t\t\t\t\t\t\t\t\t\t\t\t\t\t<a href=\"https:\/\/play.google.com\/store\/apps\/details?id=events.grip.logistics1030\">\n\t\t\t\t\t\t\t<img decoding=\"async\" width=\"223\" height=\"73\" src=\"https:\/\/easyfairsassets.com\/sites\/275\/2024\/09\/playstore.png\" class=\"attachment-large size-large wp-image-23300\" alt=\"\" \/>\t\t\t\t\t\t\t\t<\/a>\n\t\t\t\t\t\t\t\t\t\t\t\t\t\t\t<\/div>\n\t\t\t\t<\/div>\n\t\t\t\t<\/div>\n\t\t<div class=\"elementor-element elementor-element-00cc6f4 e-con-full e-flex e-con e-child\" data-id=\"00cc6f4\" data-element_type=\"container\">\n\t\t\t\t<div class=\"elementor-element elementor-element-94a7c66 elementor-widget elementor-widget-image\" data-id=\"94a7c66\" data-element_type=\"widget\" data-widget_type=\"image.default\">\n\t\t\t\t<div class=\"elementor-widget-container\">\n\t\t\t\t\t\t\t\t\t\t\t\t\t\t\t\t<a href=\"https:\/\/apps.apple.com\/be\/app\/logistics-belgium\/id6593679487\">\n\t\t\t\t\t\t\t<img decoding=\"async\" width=\"233\" height=\"76\" src=\"https:\/\/easyfairsassets.com\/sites\/275\/2024\/09\/appstore.png\" class=\"attachment-large size-large wp-image-23303\" alt=\"\" \/>\t\t\t\t\t\t\t\t<\/a>\n\t\t\t\t\t\t\t\t\t\t\t\t\t\t\t<\/div>\n\t\t\t\t<\/div>\n\t\t\t\t<\/div>\n\t\t\t\t\t<\/div>\n\t\t\t\t<\/div>\n\t\t\t\t<\/div>\n\t\t\t\t\t<\/div>\n\t\t\t\t<\/div>\n\t\t\t\t<\/div>\n\t\t","protected":false},"excerpt":{"rendered":"<p>L&rsquo;App de Logistique<\/p>\n","protected":false},"author":219,"featured_media":0,"parent":0,"menu_order":0,"comment_status":"closed","ping_status":"closed","template":"","meta":{"_seopress_robots_primary_cat":"","_seopress_titles_title":"L'App de Logistique","_seopress_titles_desc":"Optimisez votre visite du salon avec l'application Logistics.","_seopress_robots_index":"","footnotes":""},"class_list":["post-23334","page","type-page","status-publish","hentry"],"_links":{"self":[{"href":"https:\/\/www.logistic-industrial-build.be\/fr\/wp-json\/wp\/v2\/pages\/23334","targetHints":{"allow":["GET"]}}],"collection":[{"href":"https:\/\/www.logistic-industrial-build.be\/fr\/wp-json\/wp\/v2\/pages"}],"about":[{"href":"https:\/\/www.logistic-industrial-build.be\/fr\/wp-json\/wp\/v2\/types\/page"}],"author":[{"embeddable":true,"href":"https:\/\/www.logistic-industrial-build.be\/fr\/wp-json\/wp\/v2\/users\/219"}],"replies":[{"embeddable":true,"href":"https:\/\/www.logistic-industrial-build.be\/fr\/wp-json\/wp\/v2\/comments?post=23334"}],"version-history":[{"count":1,"href":"https:\/\/www.logistic-industrial-build.be\/fr\/wp-json\/wp\/v2\/pages\/23334\/revisions"}],"predecessor-version":[{"id":23335,"href":"https:\/\/www.logistic-industrial-build.be\/fr\/wp-json\/wp\/v2\/pages\/23334\/revisions\/23335"}],"wp:attachment":[{"href":"https:\/\/www.logistic-industrial-build.be\/fr\/wp-json\/wp\/v2\/media?parent=23334"}],"curies":[{"name":"wp","href":"https:\/\/api.w.org\/{rel}","templated":true}]}}