{"id":11572,"date":"2022-11-14T11:11:01","date_gmt":"2022-11-14T10:11:01","guid":{"rendered":"https:\/\/www.logistic-industrial-build.be\/pourquoi-participer\/"},"modified":"2025-10-21T11:03:08","modified_gmt":"2025-10-21T09:03:08","slug":"pourquoi-participer","status":"publish","type":"page","link":"https:\/\/www.logistic-industrial-build.be\/fr\/pourquoi-participer\/","title":{"rendered":"Pourquoi participer"},"content":{"rendered":"\t\t<div data-elementor-type=\"wp-page\" data-elementor-id=\"11572\" class=\"elementor elementor-11572 elementor-116\" data-elementor-post-type=\"page\">\n\t\t\t\t\t\t<section class=\"elementor-section elementor-top-section elementor-element elementor-element-300020f elementor-section-full_width elementor-section-height-default elementor-section-height-default\" data-id=\"300020f\" data-element_type=\"section\">\n\t\t\t\t\t\t<div class=\"elementor-container elementor-column-gap-default\">\n\t\t\t\t\t<div class=\"elementor-column elementor-col-100 elementor-top-column elementor-element elementor-element-a5ee448\" data-id=\"a5ee448\" data-element_type=\"column\" data-settings=\"{&quot;background_background&quot;:&quot;classic&quot;}\">\n\t\t\t<div class=\"elementor-widget-wrap elementor-element-populated\">\n\t\t\t\t\t\t<div class=\"elementor-element elementor-element-04a2532 elementor-widget elementor-widget-text-editor\" data-id=\"04a2532\" data-element_type=\"widget\" data-widget_type=\"text-editor.default\">\n\t\t\t\t<div class=\"elementor-widget-container\">\n\t\t\t\t\t\t\t\t\t<h1><span style=\"color: #ffffff;\">Rencontrez l&rsquo;ensemble de la communaut\u00e9<\/span><\/h1>\n<p><\/p>\n<div><span style=\"color: #ffffff;\"><strong>Participez \u00e0 Logistic &amp; Industrial Build en tant qu&rsquo;exposant<\/strong><\/span><\/div>\n<p><\/p>\n<div><span style=\"color: #ffffff;\">\u00a0<\/span><\/div>\n<p><span style=\"color: #ffffff;\">Logistic &amp; Industrial Build vous offre trois jours pour rencontrer vos contacts existants et promouvoir votre entreprise aupr\u00e8s de clients potentiels. L&rsquo;exposition est pr\u00e9c\u00e9d\u00e9e d&rsquo;une campagne de marketing dans un certain nombre de magazines professionnels (inter)nationaux de premier plan et de publications de f\u00e9d\u00e9rations.<\/span><\/p>\n<p>&nbsp;<\/p>\n\t\t\t\t\t\t\t\t<\/div>\n\t\t\t\t<\/div>\n\t\t\t\t\t<\/div>\n\t\t<\/div>\n\t\t\t\t\t<\/div>\n\t\t<\/section>\n\t\t\t\t<section class=\"elementor-section elementor-top-section elementor-element elementor-element-8ef9dc0 elementor-section-full_width elementor-section-height-default elementor-section-height-default\" data-id=\"8ef9dc0\" data-element_type=\"section\">\n\t\t\t\t\t\t<div class=\"elementor-container elementor-column-gap-default\">\n\t\t\t\t\t<div class=\"elementor-column elementor-col-100 elementor-top-column elementor-element elementor-element-f81e38e\" data-id=\"f81e38e\" data-element_type=\"column\">\n\t\t\t<div class=\"elementor-widget-wrap elementor-element-populated\">\n\t\t\t\t\t\t<div class=\"elementor-element elementor-element-d328c21 elementor--h-position-center elementor--v-position-middle elementor-arrows-position-inside elementor-pagination-position-inside elementor-widget elementor-widget-slides\" data-id=\"d328c21\" data-element_type=\"widget\" data-settings=\"{&quot;transition_speed&quot;:1000,&quot;navigation&quot;:&quot;both&quot;,&quot;autoplay&quot;:&quot;yes&quot;,&quot;pause_on_hover&quot;:&quot;yes&quot;,&quot;pause_on_interaction&quot;:&quot;yes&quot;,&quot;autoplay_speed&quot;:5000,&quot;infinite&quot;:&quot;yes&quot;,&quot;transition&quot;:&quot;slide&quot;}\" data-widget_type=\"slides.default\">\n\t\t\t\t<div class=\"elementor-widget-container\">\n\t\t\t\t\t\t\t\t\t<div class=\"elementor-swiper\">\n\t\t\t\t\t<div class=\"elementor-slides-wrapper elementor-main-swiper swiper\" role=\"region\" aria-roledescription=\"carousel\" aria-label=\"Slides\" dir=\"ltr\" data-animation=\"\">\n\t\t\t\t<div class=\"swiper-wrapper elementor-slides\">\n\t\t\t\t\t\t\t\t\t\t<div class=\"elementor-repeater-item-7ca5a5e swiper-slide\" role=\"group\" aria-roledescription=\"slide\"><div class=\"swiper-slide-bg\" role=\"img\" aria-label=\"Bezoekers\"><\/div><div class=\"elementor-background-overlay\"><\/div><div class=\"swiper-slide-inner\" ><div class=\"swiper-slide-contents\"><div class=\"elementor-slide-heading\">VISITEURS DE QUALIT\u00c9<\/div><div class=\"elementor-slide-description\"><p>L'occasion id\u00e9ale de nouer de nouveaux contacts ou de renforcer les relations avec vos clients existants.<\/p>\n<\/div><a href=\"https:\/\/www.logistic-industrial-build.be\/fr\/profil-des-visiteurs\/\" class=\"elementor-button elementor-slide-button elementor-size-sm\">Profil des visiteurs<\/a><\/div><\/div><\/div><div class=\"elementor-repeater-item-c3bcfdc swiper-slide\" role=\"group\" aria-roledescription=\"slide\"><div class=\"swiper-slide-bg\" role=\"img\" aria-label=\"Visit Connect\"><\/div><div class=\"elementor-background-overlay\"><\/div><div class=\"swiper-slide-inner\" ><div class=\"swiper-slide-contents\"><div class=\"elementor-slide-heading\">PROSPECTS EN 3 JOURS<\/div><div class=\"elementor-slide-description\"><p>Recueillez rapidement et efficacement des prospects de qualit\u00e9 gr\u00e2ce \u00e0 notre technologie innovante de badges intelligents.<\/p>\n<\/div><a href=\"https:\/\/www.logistic-industrial-build.be\/fr\/smartbadge-et-visit-connect\/\" class=\"elementor-button elementor-slide-button elementor-size-sm\">Smart badge<\/a><\/div><\/div><\/div><div class=\"elementor-repeater-item-31465f4 swiper-slide\" role=\"group\" aria-roledescription=\"slide\"><div class=\"swiper-slide-bg\" role=\"img\" aria-label=\"LOWRES-3820\"><\/div><div class=\"elementor-background-overlay\"><\/div><div class=\"swiper-slide-inner\" ><div class=\"swiper-slide-contents\"><div class=\"elementor-slide-heading\">AUGMENTER LA NOTORI\u00c9T\u00c9 DE VOTRE MARQUE<\/div><div class=\"elementor-slide-description\"><p>Voir et \u00eatre vu : pr\u00e9sentez l'offre compl\u00e8te de votre entreprise et restez en t\u00eate de liste.<\/p>\n<\/div><a href=\"https:\/\/www.logistic-industrial-build.be\/exhibitor\/\" class=\"elementor-button elementor-slide-button elementor-size-sm\">Liste des exposants<\/a><\/div><\/div><\/div><div class=\"elementor-repeater-item-51f13d3 swiper-slide\" role=\"group\" aria-roledescription=\"slide\"><div class=\"swiper-slide-bg\" role=\"img\" aria-label=\"Transport &amp; Logistics\"><\/div><div class=\"elementor-background-overlay\"><\/div><div class=\"swiper-slide-inner\" ><div class=\"swiper-slide-contents\"><div class=\"elementor-slide-heading\">3 \u00c9V\u00c9NEMENTS EN 1<\/div><div class=\"elementor-slide-description\"><p>Le salon se poursuivra en m\u00eame temps que Transport &amp; Logistics. En 2025 \u00e0 Anvers, AntwerpXL se joindra \u00e9galement au salon et deviendra ainsi le lieu de rencontre de l'ensemble de la cha\u00eene d'approvisionnement.<\/p>\n<\/div><a href=\"https:\/\/www.transport-logistics.be\/nl\/\" target=\"_blank\" class=\"elementor-button elementor-slide-button elementor-size-sm\">Transport & Logistics<\/a><\/div><\/div><\/div>\t\t\t\t<\/div>\n\t\t\t\t\t\t\t\t\t\t\t\t\t\t\t<div class=\"elementor-swiper-button elementor-swiper-button-prev\" role=\"button\" tabindex=\"0\" aria-label=\"Previous slide\">\n\t\t\t\t\t\t\t<i aria-hidden=\"true\" class=\"eicon-chevron-left\"><\/i>\t\t\t\t\t\t<\/div>\n\t\t\t\t\t\t<div class=\"elementor-swiper-button elementor-swiper-button-next\" role=\"button\" tabindex=\"0\" aria-label=\"Next slide\">\n\t\t\t\t\t\t\t<i aria-hidden=\"true\" class=\"eicon-chevron-right\"><\/i>\t\t\t\t\t\t<\/div>\n\t\t\t\t\t\t\t\t\t\t\t\t\t\t\t\t<div class=\"swiper-pagination\"><\/div>\n\t\t\t\t\t\t\t\t\t\t\t\t<\/div>\n\t\t\t\t<\/div>\n\t\t\t\t\t\t\t\t<\/div>\n\t\t\t\t<\/div>\n\t\t\t\t\t<\/div>\n\t\t<\/div>\n\t\t\t\t\t<\/div>\n\t\t<\/section>\n\t\t\t\t<section class=\"elementor-section elementor-top-section elementor-element elementor-element-464e6d1 elementor-section-full_width elementor-section-height-default elementor-section-height-default\" data-id=\"464e6d1\" data-element_type=\"section\">\n\t\t\t\t\t\t<div class=\"elementor-container elementor-column-gap-default\">\n\t\t\t\t\t<div class=\"elementor-column elementor-col-50 elementor-top-column elementor-element elementor-element-adc3a9f\" data-id=\"adc3a9f\" data-element_type=\"column\">\n\t\t\t<div class=\"elementor-widget-wrap elementor-element-populated\">\n\t\t\t\t\t\t<div class=\"elementor-element elementor-element-7aa8d72 elementor-widget elementor-widget-text-editor\" data-id=\"7aa8d72\" data-element_type=\"widget\" data-widget_type=\"text-editor.default\">\n\t\t\t\t<div class=\"elementor-widget-container\">\n\t\t\t\t\t\t\t\t\t<h2>Participants <strong>\u00e0 Logistic &amp; Industrial Build 2024 :<\/strong><\/h2>\n\t\t\t\t\t\t\t\t<\/div>\n\t\t\t\t<\/div>\n\t\t\t\t<section class=\"elementor-section elementor-inner-section elementor-element elementor-element-0ec0ddb elementor-section-boxed elementor-section-height-default elementor-section-height-default\" data-id=\"0ec0ddb\" data-element_type=\"section\">\n\t\t\t\t\t\t<div class=\"elementor-container elementor-column-gap-default\">\n\t\t\t\t\t<div class=\"elementor-column elementor-col-25 elementor-inner-column elementor-element elementor-element-5df0ec5\" data-id=\"5df0ec5\" data-element_type=\"column\">\n\t\t\t<div class=\"elementor-widget-wrap elementor-element-populated\">\n\t\t\t\t\t\t<div class=\"elementor-element elementor-element-5d5e0a1 elementor-widget elementor-widget-text-editor\" data-id=\"5d5e0a1\" data-element_type=\"widget\" data-widget_type=\"text-editor.default\">\n\t\t\t\t<div class=\"elementor-widget-container\">\n\t\t\t\t\t\t\t\t\t<p>Alheembouw<\/p>\n<p>Altebra<\/p>\n<p>Altez<\/p>\n<p>Ansul<\/p>\n<p>Aqua Security<\/p>\n<p>Bouwunie<\/p>\n<p>Cordeel Zetel Temse<\/p>\n\t\t\t\t\t\t\t\t<\/div>\n\t\t\t\t<\/div>\n\t\t\t\t\t<\/div>\n\t\t<\/div>\n\t\t\t\t<div class=\"elementor-column elementor-col-25 elementor-inner-column elementor-element elementor-element-1c83ea3\" data-id=\"1c83ea3\" data-element_type=\"column\">\n\t\t\t<div class=\"elementor-widget-wrap elementor-element-populated\">\n\t\t\t\t\t\t<div class=\"elementor-element elementor-element-0e03909 elementor-widget elementor-widget-text-editor\" data-id=\"0e03909\" data-element_type=\"widget\" data-widget_type=\"text-editor.default\">\n\t\t\t\t<div class=\"elementor-widget-container\">\n\t\t\t\t\t\t\t\t\t<p>Eco Technics<\/p>\n<p>Ensatec<\/p>\n<p>Euromate<\/p>\n<p>Ferbeco<\/p>\n<p>Veldeman<\/p>\n<p>Grondwijzer<\/p>\n<p>Hoisting Equipment<\/p>\n\t\t\t\t\t\t\t\t<\/div>\n\t\t\t\t<\/div>\n\t\t\t\t\t<\/div>\n\t\t<\/div>\n\t\t\t\t<div class=\"elementor-column elementor-col-25 elementor-inner-column elementor-element elementor-element-5015248\" data-id=\"5015248\" data-element_type=\"column\">\n\t\t\t<div class=\"elementor-widget-wrap elementor-element-populated\">\n\t\t\t\t\t\t<div class=\"elementor-element elementor-element-b6b479d elementor-widget elementor-widget-text-editor\" data-id=\"b6b479d\" data-element_type=\"widget\" data-widget_type=\"text-editor.default\">\n\t\t\t\t<div class=\"elementor-widget-container\">\n\t\t\t\t\t\t\t\t\t<p>IKO<\/p>\n<p>Konica Minolta Business Solutions<\/p>\n<p>Lock Control<\/p>\n<p>M.M Montage<\/p>\n<p>MAHIEU Construct<\/p>\n<p>Peritas<\/p>\n\t\t\t\t\t\t\t\t<\/div>\n\t\t\t\t<\/div>\n\t\t\t\t\t<\/div>\n\t\t<\/div>\n\t\t\t\t<div class=\"elementor-column elementor-col-25 elementor-inner-column elementor-element elementor-element-9f44def\" data-id=\"9f44def\" data-element_type=\"column\">\n\t\t\t<div class=\"elementor-widget-wrap elementor-element-populated\">\n\t\t\t\t\t\t<div class=\"elementor-element elementor-element-9f90056 elementor-widget__width-initial elementor-widget elementor-widget-text-editor\" data-id=\"9f90056\" data-element_type=\"widget\" data-widget_type=\"text-editor.default\">\n\t\t\t\t<div class=\"elementor-widget-container\">\n\t\t\t\t\t\t\t\t\t<p>Renotec<\/p>\n<p>Roteam<\/p>\n<p>Soprema<\/p>\n<p>UNIZO<\/p>\n\t\t\t\t\t\t\t\t<\/div>\n\t\t\t\t<\/div>\n\t\t\t\t\t<\/div>\n\t\t<\/div>\n\t\t\t\t\t<\/div>\n\t\t<\/section>\n\t\t\t\t\t<\/div>\n\t\t<\/div>\n\t\t\t\t<div class=\"elementor-column elementor-col-50 elementor-top-column elementor-element elementor-element-ca99699\" data-id=\"ca99699\" data-element_type=\"column\" data-settings=\"{&quot;background_background&quot;:&quot;classic&quot;}\">\n\t\t\t<div class=\"elementor-widget-wrap\">\n\t\t\t\t\t\t\t<\/div>\n\t\t<\/div>\n\t\t\t\t\t<\/div>\n\t\t<\/section>\n\t\t\t\t<section class=\"elementor-section elementor-top-section elementor-element elementor-element-4189bd7 elementor-section-full_width elementor-section-height-default elementor-section-height-default\" data-id=\"4189bd7\" data-element_type=\"section\">\n\t\t\t\t\t\t<div class=\"elementor-container elementor-column-gap-default\">\n\t\t\t\t\t<div class=\"elementor-column elementor-col-100 elementor-top-column elementor-element elementor-element-07e4c10\" data-id=\"07e4c10\" data-element_type=\"column\" data-settings=\"{&quot;background_background&quot;:&quot;classic&quot;}\">\n\t\t\t<div class=\"elementor-widget-wrap elementor-element-populated\">\n\t\t\t\t\t\t<div class=\"elementor-element elementor-element-aa7333d elementor-widget elementor-widget-text-editor\" data-id=\"aa7333d\" data-element_type=\"widget\" data-widget_type=\"text-editor.default\">\n\t\t\t\t<div class=\"elementor-widget-container\">\n\t\t\t\t\t\t\t\t\t<h1><span style=\"color: #ffffff;\">Plus d&rsquo;informations ?<\/span><\/h1>\n\t\t\t\t\t\t\t\t<\/div>\n\t\t\t\t<\/div>\n\t\t\t\t<section class=\"elementor-section elementor-inner-section elementor-element elementor-element-7325b7b elementor-section-full_width elementor-section-content-middle elementor-section-height-default elementor-section-height-default\" data-id=\"7325b7b\" data-element_type=\"section\">\n\t\t\t\t\t\t<div class=\"elementor-container elementor-column-gap-default\">\n\t\t\t\t\t<div class=\"elementor-column elementor-col-50 elementor-inner-column elementor-element elementor-element-19de558\" data-id=\"19de558\" data-element_type=\"column\">\n\t\t\t<div class=\"elementor-widget-wrap elementor-element-populated\">\n\t\t\t\t\t\t<div class=\"elementor-element elementor-element-024022d elementor-widget elementor-widget-image\" data-id=\"024022d\" data-element_type=\"widget\" data-widget_type=\"image.default\">\n\t\t\t\t<div class=\"elementor-widget-container\">\n\t\t\t\t\t\t\t\t\t\t\t\t\t\t\t<img decoding=\"async\" src=\"https:\/\/easyfairsassets.com\/sites\/275\/elementor\/thumbs\/Mag-ook-rdivq2eiaxrgzk7wi7tqh85rmt8ab8vnc8wpwwew28.jpg\" title=\"Mag ook\" alt=\"Mag ook\" loading=\"lazy\" \/>\t\t\t\t\t\t\t\t\t\t\t\t\t\t\t<\/div>\n\t\t\t\t<\/div>\n\t\t\t\t\t<\/div>\n\t\t<\/div>\n\t\t\t\t<div class=\"elementor-column elementor-col-50 elementor-inner-column elementor-element elementor-element-e2a311f\" data-id=\"e2a311f\" data-element_type=\"column\">\n\t\t\t<div class=\"elementor-widget-wrap elementor-element-populated\">\n\t\t\t\t\t\t<div class=\"elementor-element elementor-element-77d8a52 elementor-widget elementor-widget-text-editor\" data-id=\"77d8a52\" data-element_type=\"widget\" data-widget_type=\"text-editor.default\">\n\t\t\t\t<div class=\"elementor-widget-container\">\n\t\t\t\t\t\t\t\t\t<h6 style=\"text-align: left;\"><span style=\"color: #ffffff;\"><strong>Contact:<\/strong><\/span><\/h6>\n<p><\/p>\n<p style=\"text-align: left;\"><strong><span style=\"color: #ffffff;\">V\u00e9ronique Lietaer<\/span><\/strong><br \/>\n<span style=\"color: #ffffff;\">Sales Event Manager<br \/>\nVeronique.Lietaer@easyfairs.com<\/span><\/p>\n\t\t\t\t\t\t\t\t<\/div>\n\t\t\t\t<\/div>\n\t\t\t\t<div class=\"elementor-element elementor-element-edfe78f elementor-widget__width-auto elementor-view-default elementor-widget elementor-widget-icon\" data-id=\"edfe78f\" data-element_type=\"widget\" data-widget_type=\"icon.default\">\n\t\t\t\t<div class=\"elementor-widget-container\">\n\t\t\t\t\t\t\t<div class=\"elementor-icon-wrapper\">\n\t\t\t<a class=\"elementor-icon\" href=\"mailto:Veronique.Lietaer@easyfairs.com\">\n\t\t\t<i aria-hidden=\"true\" class=\"fas fa-envelope\"><\/i>\t\t\t<\/a>\n\t\t<\/div>\n\t\t\t\t\t\t<\/div>\n\t\t\t\t<\/div>\n\t\t\t\t<div class=\"elementor-element elementor-element-e34942f elementor-widget__width-auto elementor-view-default elementor-widget elementor-widget-icon\" data-id=\"e34942f\" data-element_type=\"widget\" data-widget_type=\"icon.default\">\n\t\t\t\t<div class=\"elementor-widget-container\">\n\t\t\t\t\t\t\t<div class=\"elementor-icon-wrapper\">\n\t\t\t<a class=\"elementor-icon\" href=\"https:\/\/www.linkedin.com\/in\/veroniquelietaer\/\">\n\t\t\t<i aria-hidden=\"true\" class=\"fab fa-linkedin\"><\/i>\t\t\t<\/a>\n\t\t<\/div>\n\t\t\t\t\t\t<\/div>\n\t\t\t\t<\/div>\n\t\t\t\t\t<\/div>\n\t\t<\/div>\n\t\t\t\t\t<\/div>\n\t\t<\/section>\n\t\t\t\t\t<\/div>\n\t\t<\/div>\n\t\t\t\t\t<\/div>\n\t\t<\/section>\n\t\t\t\t<\/div>\n\t\t","protected":false},"excerpt":{"rendered":"<p>Rencontrez l&rsquo;ensemble de la communaut\u00e9 Participez \u00e0 Logistic &amp; Industrial Build en tant qu&rsquo;exposant \u00a0 Logistic &amp; Industrial Build vous offre trois jours pour rencontrer vos contacts existants et promouvoir votre entreprise aupr\u00e8s de clients potentiels. L&rsquo;exposition est pr\u00e9c\u00e9d\u00e9e d&rsquo;une campagne de marketing dans un certain nombre de magazines professionnels (inter)nationaux de premier plan et [&hellip;]<\/p>\n","protected":false},"author":933,"featured_media":20,"parent":0,"menu_order":0,"comment_status":"closed","ping_status":"closed","template":"","meta":{"_seopress_robots_primary_cat":"","_seopress_titles_title":"Pourquoi participer ?","_seopress_titles_desc":"Rencontrez l'ensemble de la communaut\u00e9 ! Participez \u00e0 Logistic & Industrial Build en tant qu'exposant.","_seopress_robots_index":"","footnotes":""},"class_list":["post-11572","page","type-page","status-publish","has-post-thumbnail","hentry"],"_links":{"self":[{"href":"https:\/\/www.logistic-industrial-build.be\/fr\/wp-json\/wp\/v2\/pages\/11572","targetHints":{"allow":["GET"]}}],"collection":[{"href":"https:\/\/www.logistic-industrial-build.be\/fr\/wp-json\/wp\/v2\/pages"}],"about":[{"href":"https:\/\/www.logistic-industrial-build.be\/fr\/wp-json\/wp\/v2\/types\/page"}],"author":[{"embeddable":true,"href":"https:\/\/www.logistic-industrial-build.be\/fr\/wp-json\/wp\/v2\/users\/933"}],"replies":[{"embeddable":true,"href":"https:\/\/www.logistic-industrial-build.be\/fr\/wp-json\/wp\/v2\/comments?post=11572"}],"version-history":[{"count":5,"href":"https:\/\/www.logistic-industrial-build.be\/fr\/wp-json\/wp\/v2\/pages\/11572\/revisions"}],"predecessor-version":[{"id":51366,"href":"https:\/\/www.logistic-industrial-build.be\/fr\/wp-json\/wp\/v2\/pages\/11572\/revisions\/51366"}],"wp:featuredmedia":[{"embeddable":true,"href":"https:\/\/www.logistic-industrial-build.be\/fr\/wp-json\/wp\/v2\/media\/20"}],"wp:attachment":[{"href":"https:\/\/www.logistic-industrial-build.be\/fr\/wp-json\/wp\/v2\/media?parent=11572"}],"curies":[{"name":"wp","href":"https:\/\/api.w.org\/{rel}","templated":true}]}}