{"id":11570,"date":"2022-11-15T12:06:00","date_gmt":"2022-11-15T11:06:00","guid":{"rendered":"https:\/\/www.logistic-industrial-build.be\/smartbadge-et-visit-connect\/"},"modified":"2025-07-08T10:29:09","modified_gmt":"2025-07-08T08:29:09","slug":"smartbadge-et-visit-connect","status":"publish","type":"page","link":"https:\/\/www.logistic-industrial-build.be\/fr\/smartbadge-et-visit-connect\/","title":{"rendered":"smartbadge et visit connect"},"content":{"rendered":"\t\t<div data-elementor-type=\"wp-page\" data-elementor-id=\"11570\" class=\"elementor elementor-11570 elementor-351\" data-elementor-post-type=\"page\">\n\t\t\t\t<div class=\"elementor-element elementor-element-94c8055 e-flex e-con-boxed e-con e-parent\" data-id=\"94c8055\" data-element_type=\"container\" data-settings=\"{&quot;background_background&quot;:&quot;classic&quot;}\">\n\t\t\t\t\t<div class=\"e-con-inner\">\n\t\t<div class=\"elementor-element elementor-element-3ed27bd e-con-full e-flex e-con e-child\" data-id=\"3ed27bd\" data-element_type=\"container\">\n\t\t\t\t<div class=\"elementor-element elementor-element-0136cb5 elementor-invisible elementor-widget elementor-widget-text-editor\" data-id=\"0136cb5\" data-element_type=\"widget\" data-settings=\"{&quot;_animation&quot;:&quot;zoomIn&quot;}\" data-widget_type=\"text-editor.default\">\n\t\t\t\t<div class=\"elementor-widget-container\">\n\t\t\t\t\t\t\t\t\t<h1>Smartbadge vs Visit Connect<\/h1>\n\t\t\t\t\t\t\t\t<\/div>\n\t\t\t\t<\/div>\n\t\t\t\t<div class=\"elementor-element elementor-element-11df705 elementor-widget elementor-widget-text-editor\" data-id=\"11df705\" data-element_type=\"widget\" data-widget_type=\"text-editor.default\">\n\t\t\t\t<div class=\"elementor-widget-container\">\n\t\t\t\t\t\t\t\t\t<p><strong>2 fa\u00e7ons de collecter des prospects<\/strong><\/p>\n<p>Pendant les salons professionnels, vous pouvez utiliser deux technologies diff\u00e9rentes pour la collecte de prospects et le suivi des donn\u00e9es des visiteurs. Lisez les diff\u00e9rences ci-dessous et d\u00e9couvrez quand il est pr\u00e9f\u00e9rable d&rsquo;utiliser l&rsquo;un ou l&rsquo;autre outil.<\/p>\n\t\t\t\t\t\t\t\t<\/div>\n\t\t\t\t<\/div>\n\t\t\t\t<\/div>\n\t\t\t\t\t<\/div>\n\t\t\t\t<\/div>\n\t\t<div class=\"elementor-element elementor-element-eb7efd8 e-flex e-con-boxed e-con e-parent\" data-id=\"eb7efd8\" data-element_type=\"container\" data-settings=\"{&quot;background_background&quot;:&quot;classic&quot;}\">\n\t\t\t\t\t<div class=\"e-con-inner\">\n\t\t<div class=\"elementor-element elementor-element-6eca260 e-con-full e-flex e-con e-child\" data-id=\"6eca260\" data-element_type=\"container\">\n\t\t\t\t<div class=\"elementor-element elementor-element-dbc3feb elementor-widget elementor-widget-text-editor\" data-id=\"dbc3feb\" data-element_type=\"widget\" data-widget_type=\"text-editor.default\">\n\t\t\t\t<div class=\"elementor-widget-container\">\n\t\t\t\t\t\t\t\t\t<h5><strong><span style=\"color: #ffffff;\">smart badge (touch &amp; collect)<\/span><\/strong><\/h5>\n<p>1. \u00c0 l&rsquo;initiative du <strong>visiteur<\/strong>.<\/p>\n<p>2. <strong>Tous les exposants<\/strong> peuvent diffuser leurs informations via le lecteur (informations t\u00e9l\u00e9charg\u00e9es sur My Easyfairs).<\/p>\n<p>3. <strong>Pas besoin de parler au visiteur<\/strong>, installez le lecteur sur votre stand et il recevra automatiquement vos informations.<\/p>\n<p>4. Les exposants <strong>GoLeads\/GoPlus\/GoPremium<\/strong> re\u00e7oivent une liste de visiteurs avec les donn\u00e9es de l&rsquo;enregistrement lorsqu&rsquo;ils ont scann\u00e9 votre stand. Les exposants GoVisibility ne recevront que le nombre de contacts.<\/p>\n<p><strong>Pr\u00e9paration<\/strong> : mettez autant d&rsquo;informations que possible sur My Easyfairs. Le lecteur sera livr\u00e9 \u00e0 votre stand lors de l&rsquo;installation.<\/p>\n\t\t\t\t\t\t\t\t<\/div>\n\t\t\t\t<\/div>\n\t\t\t\t<\/div>\n\t\t<div class=\"elementor-element elementor-element-de9616d e-con-full e-flex e-con e-child\" data-id=\"de9616d\" data-element_type=\"container\">\n\t\t\t\t<div class=\"elementor-element elementor-element-5393e6a elementor-widget elementor-widget-video\" data-id=\"5393e6a\" data-element_type=\"widget\" data-settings=\"{&quot;youtube_url&quot;:&quot;https:\\\/\\\/youtu.be\\\/XWzZCBdi0nA&quot;,&quot;video_type&quot;:&quot;youtube&quot;,&quot;controls&quot;:&quot;yes&quot;}\" data-widget_type=\"video.default\">\n\t\t\t\t<div class=\"elementor-widget-container\">\n\t\t\t\t\t\t\t<div class=\"elementor-wrapper elementor-open-inline\">\n\t\t\t<div class=\"elementor-video\"><\/div>\t\t<\/div>\n\t\t\t\t\t\t<\/div>\n\t\t\t\t<\/div>\n\t\t\t\t<\/div>\n\t\t\t\t\t<\/div>\n\t\t\t\t<\/div>\n\t\t<div class=\"elementor-element elementor-element-b00f994 e-flex e-con-boxed e-con e-parent\" data-id=\"b00f994\" data-element_type=\"container\">\n\t\t\t\t\t<div class=\"e-con-inner\">\n\t\t<div class=\"elementor-element elementor-element-19b0ba8 e-con-full e-flex e-con e-child\" data-id=\"19b0ba8\" data-element_type=\"container\">\n\t\t\t\t<div class=\"elementor-element elementor-element-44c8cbd elementor-widget elementor-widget-image\" data-id=\"44c8cbd\" data-element_type=\"widget\" data-widget_type=\"image.default\">\n\t\t\t\t<div class=\"elementor-widget-container\">\n\t\t\t\t\t\t\t\t\t\t\t\t\t\t\t<img fetchpriority=\"high\" decoding=\"async\" width=\"800\" height=\"534\" src=\"https:\/\/easyfairsassets.com\/sites\/275\/2023\/05\/LOWRES-3754-1024x683.jpg\" class=\"attachment-large size-large wp-image-4917\" alt=\"Visit Connect\" srcset=\"https:\/\/easyfairsassets.com\/sites\/275\/2023\/05\/LOWRES-3754-1024x683.jpg 1024w, https:\/\/easyfairsassets.com\/sites\/275\/2023\/05\/LOWRES-3754-300x200.jpg 300w, https:\/\/easyfairsassets.com\/sites\/275\/2023\/05\/LOWRES-3754-768x512.jpg 768w, https:\/\/easyfairsassets.com\/sites\/275\/2023\/05\/LOWRES-3754.jpg 1200w\" sizes=\"(max-width: 800px) 100vw, 800px\" \/>\t\t\t\t\t\t\t\t\t\t\t\t\t\t\t<\/div>\n\t\t\t\t<\/div>\n\t\t\t\t<\/div>\n\t\t<div class=\"elementor-element elementor-element-df49e30 e-con-full e-flex e-con e-child\" data-id=\"df49e30\" data-element_type=\"container\">\n\t\t\t\t<div class=\"elementor-element elementor-element-1be5130 elementor-widget elementor-widget-text-editor\" data-id=\"1be5130\" data-element_type=\"widget\" data-widget_type=\"text-editor.default\">\n\t\t\t\t<div class=\"elementor-widget-container\">\n\t\t\t\t\t\t\t\t\t<h5><strong>visit connect webbased application<\/strong><\/h5>\n<p>1. \u00c0 l&rsquo;initiative de <strong>l&rsquo;exposant<\/strong>.<\/p>\n<p>2. Seuls les exposants titulaires d&rsquo;un <strong>GoLeads, GoPlus ou GoPremium<\/strong> peuvent utiliser cette page web sans restriction.<\/p>\n<p>3. Qualifiez les prospects en posant <strong>des questions<\/strong> et en prenant des notes.<\/p>\n<p>4. Rassemblez <strong>toutes les informations<\/strong> en un seul point.<\/p>\n<p>5. <strong>Suivi des prospects<\/strong> : contacter les visiteurs apr\u00e8s l&rsquo;exposition.<\/p>\n<p><strong>Pr\u00e9paration<\/strong> : une fois inscrit en tant que personnel de stand, vous recevrez un e-mail de confirmation contenant un lien vers votre connexion de visite personnelle. Vous pouvez y enregistrer votre adresse e-mail. Vous \u00eates maintenant pr\u00eat \u00e0 scanner les badges des visiteurs lors du salon.<\/p>\n\t\t\t\t\t\t\t\t<\/div>\n\t\t\t\t<\/div>\n\t\t\t\t<\/div>\n\t\t\t\t\t<\/div>\n\t\t\t\t<\/div>\n\t\t\t\t<section class=\"elementor-section elementor-top-section elementor-element elementor-element-db0307e elementor-section-full_width elementor-hidden-desktop elementor-hidden-tablet elementor-hidden-mobile elementor-section-height-default elementor-section-height-default\" data-id=\"db0307e\" data-element_type=\"section\">\n\t\t\t\t\t\t<div class=\"elementor-container elementor-column-gap-default\">\n\t\t\t\t\t<div class=\"elementor-column elementor-col-100 elementor-top-column elementor-element elementor-element-7637a3b\" data-id=\"7637a3b\" data-element_type=\"column\" data-settings=\"{&quot;background_background&quot;:&quot;classic&quot;}\">\n\t\t\t<div class=\"elementor-widget-wrap elementor-element-populated\">\n\t\t\t\t\t\t<div class=\"elementor-element elementor-element-3ab9532 elementor-widget elementor-widget-text-editor\" data-id=\"3ab9532\" data-element_type=\"widget\" data-widget_type=\"text-editor.default\">\n\t\t\t\t<div class=\"elementor-widget-container\">\n\t\t\t\t\t\t\t\t\t<h1><strong><span style=\"color: #ffffff;\">Smartbadge vs Visit Connect<\/span><\/strong><\/h1><br><span style=\"color: #ffffff;\"><b>2 manieren om leads te verzamelen<\/b><\/span><br><br><span style=\"color: #ffffff;\">Tijdens de beurs kan u gebruik maken van twee verschillende technologie\u00ebn voor het capteren van leads en het bijhouden van gegevens van de bezoekers. Lees hieronder meer over de verschillen en ontdek wanneer u best welke tool gebruikt.<\/span><br><br><span style=\"color: #ffffff;\">\u00a0<\/span>\t\t\t\t\t\t\t\t<\/div>\n\t\t\t\t<\/div>\n\t\t\t\t\t<\/div>\n\t\t<\/div>\n\t\t\t\t\t<\/div>\n\t\t<\/section>\n\t\t\t\t<section class=\"elementor-section elementor-top-section elementor-element elementor-element-1ab261d elementor-section-full_width elementor-hidden-desktop elementor-hidden-tablet elementor-hidden-mobile elementor-section-height-default elementor-section-height-default\" data-id=\"1ab261d\" data-element_type=\"section\">\n\t\t\t\t\t\t<div class=\"elementor-container elementor-column-gap-default\">\n\t\t\t\t\t<div class=\"elementor-column elementor-col-66 elementor-top-column elementor-element elementor-element-e156d5c\" data-id=\"e156d5c\" data-element_type=\"column\">\n\t\t\t<div class=\"elementor-widget-wrap elementor-element-populated\">\n\t\t\t\t\t\t<div class=\"elementor-element elementor-element-cfbe526 elementor-widget elementor-widget-heading\" data-id=\"cfbe526\" data-element_type=\"widget\" data-widget_type=\"heading.default\">\n\t\t\t\t<div class=\"elementor-widget-container\">\n\t\t\t\t\t<h2 class=\"elementor-heading-title elementor-size-large\"><b>Smart badge (Touch &amp; Collect)<\/b><\/h2>\t\t\t\t<\/div>\n\t\t\t\t<\/div>\n\t\t\t\t<div class=\"elementor-element elementor-element-3f2f124 elementor-widget__width-initial elementor-widget elementor-widget-video\" data-id=\"3f2f124\" data-element_type=\"widget\" data-settings=\"{&quot;youtube_url&quot;:&quot;https:\\\/\\\/youtu.be\\\/XWzZCBdi0nA&quot;,&quot;video_type&quot;:&quot;youtube&quot;,&quot;controls&quot;:&quot;yes&quot;}\" data-widget_type=\"video.default\">\n\t\t\t\t<div class=\"elementor-widget-container\">\n\t\t\t\t\t\t\t<div class=\"elementor-wrapper elementor-open-inline\">\n\t\t\t<div class=\"elementor-video\"><\/div>\t\t<\/div>\n\t\t\t\t\t\t<\/div>\n\t\t\t\t<\/div>\n\t\t\t\t\t<\/div>\n\t\t<\/div>\n\t\t\t\t<div class=\"elementor-column elementor-col-33 elementor-top-column elementor-element elementor-element-92c7de6\" data-id=\"92c7de6\" data-element_type=\"column\">\n\t\t\t<div class=\"elementor-widget-wrap elementor-element-populated\">\n\t\t\t\t\t\t<div class=\"elementor-element elementor-element-c6d6047 elementor-widget elementor-widget-text-editor\" data-id=\"c6d6047\" data-element_type=\"widget\" data-widget_type=\"text-editor.default\">\n\t\t\t\t<div class=\"elementor-widget-container\">\n\t\t\t\t\t\t\t\t\t<p>1. \u00c0 l&rsquo;initiative du <strong>visiteur<\/strong>.<\/p>\n<p>2. <strong>Tous les exposants<\/strong> peuvent diffuser leurs informations via le lecteur (informations t\u00e9l\u00e9charg\u00e9es sur My Easyfairs).<\/p>\n<p>3. <strong>Pas besoin de parler au visiteur<\/strong>, installez le lecteur sur votre stand et il recevra automatiquement vos informations.<\/p>\n<p>4. <strong>Les exposants GoLeads\/GoPlus\/GoPremium<\/strong> re\u00e7oivent une liste de visiteurs avec les donn\u00e9es de l&rsquo;enregistrement lorsqu&rsquo;ils ont scann\u00e9 votre stand. Les exposants GoVisibility ne recevront que le nombre de contacts.<\/p>\n<p><strong>Pr\u00e9paration<\/strong> : mettez autant d&rsquo;informations que possible sur My Easyfairs. Le lecteur sera livr\u00e9 \u00e0 votre stand lors de l&rsquo;installation.<\/p>\n\t\t\t\t\t\t\t\t<\/div>\n\t\t\t\t<\/div>\n\t\t\t\t\t<\/div>\n\t\t<\/div>\n\t\t\t\t\t<\/div>\n\t\t<\/section>\n\t\t\t\t<section class=\"elementor-section elementor-top-section elementor-element elementor-element-b561d60 elementor-section-full_width elementor-hidden-desktop elementor-hidden-tablet elementor-hidden-mobile elementor-section-height-default elementor-section-height-default\" data-id=\"b561d60\" data-element_type=\"section\">\n\t\t\t\t\t\t<div class=\"elementor-container elementor-column-gap-default\">\n\t\t\t\t\t<div class=\"elementor-column elementor-col-50 elementor-top-column elementor-element elementor-element-93c3f1c\" data-id=\"93c3f1c\" data-element_type=\"column\" data-settings=\"{&quot;background_background&quot;:&quot;classic&quot;}\">\n\t\t\t<div class=\"elementor-widget-wrap elementor-element-populated\">\n\t\t\t\t\t\t<div class=\"elementor-element elementor-element-51e5889 elementor-widget elementor-widget-heading\" data-id=\"51e5889\" data-element_type=\"widget\" data-widget_type=\"heading.default\">\n\t\t\t\t<div class=\"elementor-widget-container\">\n\t\t\t\t\t<h2 class=\"elementor-heading-title elementor-size-large\"><b>Visit Connect webbased application<\/b><\/h2>\t\t\t\t<\/div>\n\t\t\t\t<\/div>\n\t\t\t\t<div class=\"elementor-element elementor-element-81dce54 elementor-widget elementor-widget-text-editor\" data-id=\"81dce54\" data-element_type=\"widget\" data-widget_type=\"text-editor.default\">\n\t\t\t\t<div class=\"elementor-widget-container\">\n\t\t\t\t\t\t\t\t\t<p>1. \u00c0 l&rsquo;initiative de <strong>l&rsquo;exposant<\/strong>.<\/p>\n<p>2. Seuls les exposants titulaires d&rsquo;un<strong> GoLeads, GoPlus ou GoPremium<\/strong> peuvent utiliser cette page web sans restriction.<\/p>\n<p>3. Qualifier les prospects en posant des questions et en prenant des notes.<\/p>\n<p>4. Rassemblez <strong>toutes les informations<\/strong> en un seul point.<\/p>\n<p>5.<strong> Suivre les pistes<\/strong> : contacter les visiteurs apr\u00e8s la foire.<\/p>\n<p>&nbsp;<\/p>\n<p><strong>Pr\u00e9paration<\/strong> : d\u00e8s que vous serez inscrit en tant que personnel de stand, vous recevrez un e-mail de confirmation contenant un lien vers votre connexion de visite personnelle. Vous pouvez y enregistrer votre adresse e-mail. Vous \u00eates maintenant pr\u00eat \u00e0 scanner les badges des visiteurs lors du salon.<\/p>\n\t\t\t\t\t\t\t\t<\/div>\n\t\t\t\t<\/div>\n\t\t\t\t\t<\/div>\n\t\t<\/div>\n\t\t\t\t<div class=\"elementor-column elementor-col-50 elementor-top-column elementor-element elementor-element-75a47df\" data-id=\"75a47df\" data-element_type=\"column\" data-settings=\"{&quot;background_background&quot;:&quot;classic&quot;}\">\n\t\t\t<div class=\"elementor-widget-wrap\">\n\t\t\t\t\t\t\t<\/div>\n\t\t<\/div>\n\t\t\t\t\t<\/div>\n\t\t<\/section>\n\t\t\t\t<\/div>\n\t\t","protected":false},"excerpt":{"rendered":"<p>Smartbadge vs Visit Connect 2 fa\u00e7ons de collecter des prospects Pendant les salons professionnels, vous pouvez utiliser deux technologies diff\u00e9rentes pour la collecte de prospects et le suivi des donn\u00e9es des visiteurs. Lisez les diff\u00e9rences ci-dessous et d\u00e9couvrez quand il est pr\u00e9f\u00e9rable d&rsquo;utiliser l&rsquo;un ou l&rsquo;autre outil. smart badge (touch &amp; collect) 1. \u00c0 l&rsquo;initiative [&hellip;]<\/p>\n","protected":false},"author":219,"featured_media":0,"parent":0,"menu_order":0,"comment_status":"closed","ping_status":"closed","template":"","meta":{"_seopress_robots_primary_cat":"","_seopress_titles_title":"","_seopress_titles_desc":"","_seopress_robots_index":"","footnotes":""},"class_list":["post-11570","page","type-page","status-publish","hentry"],"_links":{"self":[{"href":"https:\/\/www.logistic-industrial-build.be\/fr\/wp-json\/wp\/v2\/pages\/11570","targetHints":{"allow":["GET"]}}],"collection":[{"href":"https:\/\/www.logistic-industrial-build.be\/fr\/wp-json\/wp\/v2\/pages"}],"about":[{"href":"https:\/\/www.logistic-industrial-build.be\/fr\/wp-json\/wp\/v2\/types\/page"}],"author":[{"embeddable":true,"href":"https:\/\/www.logistic-industrial-build.be\/fr\/wp-json\/wp\/v2\/users\/219"}],"replies":[{"embeddable":true,"href":"https:\/\/www.logistic-industrial-build.be\/fr\/wp-json\/wp\/v2\/comments?post=11570"}],"version-history":[{"count":2,"href":"https:\/\/www.logistic-industrial-build.be\/fr\/wp-json\/wp\/v2\/pages\/11570\/revisions"}],"predecessor-version":[{"id":29798,"href":"https:\/\/www.logistic-industrial-build.be\/fr\/wp-json\/wp\/v2\/pages\/11570\/revisions\/29798"}],"wp:attachment":[{"href":"https:\/\/www.logistic-industrial-build.be\/fr\/wp-json\/wp\/v2\/media?parent=11570"}],"curies":[{"name":"wp","href":"https:\/\/api.w.org\/{rel}","templated":true}]}}